{"id":143242,"date":"2020-08-03T11:21:24","date_gmt":"2020-08-03T11:21:24","guid":{"rendered":"https:\/\/www.planet-knox.com\/?post_type=product&#038;p=143242"},"modified":"2026-04-03T21:34:43","modified_gmt":"2026-04-03T21:34:43","slug":"micro-lock-hip-armour","status":"publish","type":"product","link":"https:\/\/www.planet-knox.com\/de\/produkt\/micro-lock-hip-armour\/","title":{"rendered":"Micro-Lock H\u00fcftpanzer (Paar)"},"content":{"rendered":"<div class=\"wpb-content-wrapper\"><div id=\"sizeguide\" class=\"vc_row wpb_row vc_row-fluid gradient-container-1\"><div class=\"gradient-column-1 wpb_column vc_column_container vc_col-sm-12\"><div class=\"vc_column-inner\"><div class=\"wpb_wrapper\">\n\t<div class=\"wpb_raw_code wpb_raw_html wpb_content_element\" >\n\t\t<div class=\"wpb_wrapper\">\n\t\t\t<p>Knox Micro-Lock is fully CE certified to EN 1621-2:2012 Level 2 T+ and T-<\/p>\n<p><strong>BITTE BEACHTEN:<\/strong> Alle Gliedma\u00dfen- und H\u00fcftprotektoren werden als Paar verkauft.<\/p>\n<table class=\"\"microlock\"\">\n  <tbody>\n    <tr class=\"\"heading\"\">\n      <td>Beschreibung<\/td>\n      <td>Teil Nr.<\/td>\n      <td>L\u00e4nge<\/td>\n      <td>Breite<\/td>\n      <td>Standard<\/td>\n      <td>Ebene<\/td>\n      <td>Gr\u00f6\u00dfe A oder B<\/td>\n      <td>Weight per piece (grams)<\/td>\n      <td>Thickness (mm)<\/td>\n    <\/tr>\n    <tr>\n      <td>Zur\u00fcck<\/td>\n      <td>114<\/td>\n      <td>45cm<\/td>\n      <td>27cm<\/td>\n      <td>EN 1621-2:2012<\/td>\n      <td>2<\/td>\n      <td>K.A.<\/td>\n      <td>500g<\/td>\n      <td>19<\/td>\n    <\/tr>\n    <tr>\n      <td>Zur\u00fcck<\/td>\n      <td>115<\/td>\n      <td>54cm<\/td>\n      <td>31cm<\/td>\n      <td>EN 1621-2:2012<\/td>\n      <td>2<\/td>\n      <td>K.A.<\/td>\n      <td>800g<\/td>\n      <td>22<\/td>\n    <\/tr>\n    <tr>\n      <td>Zur\u00fcck<\/td>\n      <td>396<\/td>\n      <td>39cm<\/td>\n      <td>27cm<\/td>\n      <td>EN 1621-1:2012<\/td>\n      <td>1<\/td>\n      <td>K.A.<\/td>\n      <td>500g<\/td>\n      <td>17<\/td>\n    <\/tr>\n    <tr>\n      <td>Zur\u00fcck<\/td>\n      <td>397<\/td>\n      <td>41cm<\/td>\n      <td>29cm<\/td>\n      <td>EN 1621-1:2012<\/td>\n      <td>1<\/td>\n      <td>K.A.<\/td>\n      <td>565g<\/td>\n      <td>17<\/td>\n    <\/tr>\n    <tr>\n      <td>Zur\u00fcck<\/td>\n      <td>398<\/td>\n      <td>44cm<\/td>\n      <td>32cm<\/td>\n      <td>EN 1621-1:2012<\/td>\n      <td>1<\/td>\n      <td>K.A.<\/td>\n      <td>630g<\/td>\n      <td>17<\/td>\n    <\/tr>\n    <tr>\n      <td>Schulter - S\/L Ellenbogen\/Knie - S<\/td>\n      <td>362<\/td>\n      <td>23,5 cm<\/td>\n      <td>18,5 cm<\/td>\n      <td>EN 1621-1:2012<\/td>\n      <td>2<\/td>\n      <td>Typ A - S, Typ B - E\/K<\/td>\n      <td>115g<\/td>\n      <td>20<\/td>\n    <\/tr>\n    <tr>\n      <td>Ellenbogen\/Knie<\/td>\n      <td>363<\/td>\n      <td>27cm<\/td>\n      <td>19cm<\/td>\n      <td>EN 1621-1:2012<\/td>\n      <td>2<\/td>\n      <td>Typ B - E\/K<\/td>\n      <td>135g<\/td>\n      <td>20<\/td>\n    <\/tr>\n    <tr>\n      <td>Schulter - S\/L Ellenbogen\/Knie - S<\/td>\n      <td>40<\/td>\n      <td>23cm<\/td>\n      <td>18cm<\/td>\n      <td>EN 1621-1:2012<\/td>\n      <td>1<\/td>\n      <td>Typ A - E\/K, Typ B - S<\/td>\n      <td>95g<\/td>\n      <td>15<\/td>\n    <\/tr>\n    <tr>\n      <td>Ellenbogen\/Knie<\/td>\n      <td>41<\/td>\n      <td>27.5cm<\/td>\n      <td>19cm<\/td>\n      <td>EN 1621-1:2012<\/td>\n      <td>1<\/td>\n      <td>Typ B - E\/K<\/td>\n      <td>114g<\/td>\n      <td>15<\/td>\n    <\/tr>\n    <tr>\n      <td>Ellenbogen\/Knie<\/td>\n      <td>42<\/td>\n      <td>27.5cm<\/td>\n      <td>21cm<\/td>\n      <td>EN 1621-1:2012<\/td>\n      <td>1<\/td>\n      <td>Typ B - S\/E\/K<\/td>\n      <td>122g<\/td>\n      <td>15<\/td>\n    <\/tr>\n    <tr>\n      <td>Ellenbogen\/Knie<\/td>\n      <td>48<\/td>\n      <td>36cm<\/td>\n      <td>19cm<\/td>\n      <td>EN 1621-1:2012<\/td>\n      <td>1<\/td>\n      <td>Typ A - E\/K, Typ B - S<\/td>\n      <td>155g<\/td>\n      <td>15<\/td>\n    <\/tr>\n    <tr>\n      <td>Knee\/Shin<\/td>\n      <td>49<\/td>\n      <td>36cm<\/td>\n      <td>19cm<\/td>\n      <td>EN 1621-1:2012<\/td>\n      <td>2<\/td>\n      <td>Typ B - K\/L<\/td>\n      <td>155g<\/td>\n      <td>15<\/td>\n    <\/tr>\n    <tr>\n      <td>H\u00fcfte<\/td>\n      <td>215<\/td>\n      <td>12cm<\/td>\n      <td>21cm<\/td>\n      <td>EN 1621-1:2012<\/td>\n      <td>2<\/td>\n      <td>Typ A - H\u00fcfte<\/td>\n      <td>76g<\/td>\n      <td>15<\/td>\n    <\/tr>\n    <tr>\n      <td>H\u00fcfte<\/td>\n      <td>216<\/td>\n      <td>16cm<\/td>\n      <td>26cm<\/td>\n      <td>EN 1621-1:2012<\/td>\n      <td>2<\/td>\n      <td>Typ B - H\u00fcfte<\/td>\n      <td>102g<\/td>\n      <td>15<\/td>\n    <\/tr>\n    <tr>\n      <td>H\u00fcfte<\/td>\n      <td>219<\/td>\n      <td>11,5 cm<\/td>\n      <td>18,5 cm<\/td>\n      <td>EN 1621-1:2012<\/td>\n      <td>1<\/td>\n      <td>Typ B - H\u00fcfte<\/td>\n      <td>58g<\/td>\n      <td>15<\/td>\n    <\/tr>\n  <\/tbody>\n<\/table>\n\t\t<\/div>\n\t<\/div>\n<\/div><\/div><\/div><\/div>\n<\/div>","protected":false},"excerpt":{"rendered":"<p>SMART  &#8211;  SOFT &#8211; STABLE<\/p>\n<p>Die neuen MICRO-LOCK R\u00fccken- und Gliedma\u00dfensch\u00fctzer sind die weichsten und bequemsten<\/p>\n<p>Sie sind die besten Protektoren, die Knox je hergestellt hat, und sie passen sich perfekt an den K\u00f6rper an.<\/p>\n<p>Knox MICRO-LOCK nutzt SMART-Technologie und Eigenschaften, um die R\u00fcstung superweich zu halten<\/p>\n<p>zu ber\u00fchren, aber sie verriegelt beim Aufprall. Die Verriegelung erh\u00f6ht die Schlagkraft<\/p>\n<p>wird vom R\u00fcckenprotektor absorbiert und reduziert die Energie, die an Ihren R\u00fccken weitergeleitet wird.<\/p>\n<p>Alle Teile sind CE-zertifiziert, wobei es sowohl Level 1 als auch Level 2 Optionen f\u00fcr Gliedma\u00dfen und R\u00fccken gibt.<\/p>\n<p>Farbe - Gelb<\/p>","protected":false},"featured_media":141608,"comment_status":"open","ping_status":"closed","template":"","meta":{"_acf_changed":false,"inline_featured_image":false},"product_brand":[],"product_cat":[2707,636,632,556,2713,653,605],"product_tag":[517,518],"class_list":{"0":"post-143242","1":"product","2":"type-product","3":"status-publish","4":"has-post-thumbnail","6":"product_cat-armour-inserts-upgrades-replacements","7":"product_cat-armour-upgrades","8":"product_cat-body-armour","9":"product_cat-mens-body-armour","10":"product_cat-other-upgrades","11":"product_cat-women","12":"product_cat-womens-body-armour","13":"product_tag-men","14":"product_tag-women","16":"first","17":"instock","18":"taxable","19":"shipping-taxable","20":"purchasable","21":"product-type-variable","22":"has-default-attributes"},"acf":[],"aioseo_notices":[],"gallery_images":[],"_links":{"self":[{"href":"https:\/\/www.planet-knox.com\/de\/wp-json\/wp\/v2\/product\/143242","targetHints":{"allow":["GET"]}}],"collection":[{"href":"https:\/\/www.planet-knox.com\/de\/wp-json\/wp\/v2\/product"}],"about":[{"href":"https:\/\/www.planet-knox.com\/de\/wp-json\/wp\/v2\/types\/product"}],"replies":[{"embeddable":true,"href":"https:\/\/www.planet-knox.com\/de\/wp-json\/wp\/v2\/comments?post=143242"}],"wp:featuredmedia":[{"embeddable":true,"href":"https:\/\/www.planet-knox.com\/de\/wp-json\/wp\/v2\/media\/141608"}],"wp:attachment":[{"href":"https:\/\/www.planet-knox.com\/de\/wp-json\/wp\/v2\/media?parent=143242"}],"wp:term":[{"taxonomy":"product_brand","embeddable":true,"href":"https:\/\/www.planet-knox.com\/de\/wp-json\/wp\/v2\/product_brand?post=143242"},{"taxonomy":"product_cat","embeddable":true,"href":"https:\/\/www.planet-knox.com\/de\/wp-json\/wp\/v2\/product_cat?post=143242"},{"taxonomy":"product_tag","embeddable":true,"href":"https:\/\/www.planet-knox.com\/de\/wp-json\/wp\/v2\/product_tag?post=143242"}],"curies":[{"name":"wp","href":"https:\/\/api.w.org\/{rel}","templated":true}]}}