{"id":84670,"date":"2019-02-28T10:45:23","date_gmt":"2019-02-28T10:45:23","guid":{"rendered":"https:\/\/knoxnetwork.uk\/?page_id=84670"},"modified":"2023-02-01T10:03:40","modified_gmt":"2023-02-01T10:03:40","slug":"terms-conditions","status":"publish","type":"page","link":"https:\/\/www.planet-knox.com\/de\/terms-conditions\/","title":{"rendered":"Bedingungen und Konditionen"},"content":{"rendered":"<p>Planet Knox Limited ist um Ihre Zufriedenheit bem\u00fcht. Wenn Sie Vorschl\u00e4ge oder Kommentare haben, schicken Sie uns bitte eine E-Mail an\u00a0<a href=\"mailto:sales@planet-knox.com\">sales@planet-knox.com<\/a>.<br>Planet Knox Ltd ist ein in Gro\u00dfbritannien ans\u00e4ssiges Unternehmen und h\u00e4lt sich an das britische Verbraucherrecht. Mit dem Besuch unserer Knox Armour Website akzeptieren Sie den Inhalt dieser Allgemeinen Gesch\u00e4ftsbedingungen und stimmen diesen zu.<\/p>\r\n\r\n\r\n\r\n<hr class=\"wp-block-separator has-css-opacity\" \/>\r\n\r\n\r\n\r\n<h3 class=\"wp-block-heading\">Unsere Kontaktinformationen<\/h3>\r\n\r\n\r\n\r\n<p><strong>Planet Knox Limited<\/strong>,<br>Einheit 5 Derwent Mills Commercial Park,<br>Wakefield Road,<br>Cockermouth,<br>Cumbria,<br>CA13 0HT<br>Vereinigtes K\u00f6nigreich<\/p>\r\n\r\n\r\n\r\n<p><strong>Telefon:<\/strong>\u00a0+44 (0)1900 825825<br><strong>Fax:<\/strong>\u00a0+ 44 (0)1900 824824<br><strong>E-Mail:<\/strong>\u00a0<a href=\"mailto:sales@planet-knox.com\">sales@planet-knox.com<\/a><br><strong>Umsatzsteuer-Identifikationsnummer:<\/strong>\u00a0GB 698 5461 71<\/p>\r\n\r\n\r\n\r\n<hr class=\"wp-block-separator has-css-opacity\" \/>\r\n\r\n\r\n\r\n<h3 class=\"wp-block-heading\">Einen Kauf t\u00e4tigen<\/h3>\r\n\r\n\r\n\r\n<p>Ein Einkauf k\u00f6nnte nicht einfacher sein. Bl\u00e4ttern Sie einfach durch unseren Katalog, klicken Sie auf die Artikel, die Sie kaufen m\u00f6chten, und legen Sie sie in den Warenkorb. Nachdem Sie Ihre Auswahl getroffen haben, werden Sie um einige Angaben gebeten, die wir ben\u00f6tigen, um die Bestellung ausf\u00fchren zu k\u00f6nnen.<br>Wir akzeptieren Zahlungen mit Kreditkarte. Wenn Sie aus einem anderen Land als Gro\u00dfbritannien einkaufen, geben Sie Ihre Bestellung auf und Ihr Kreditkartenunternehmen wird die Transaktion in Ihre eigene W\u00e4hrung umrechnen.<br>Wir akzeptieren Visa und Mastercard, Maestro, Visa Electron, Solo.<\/p>\r\n\r\n\r\n\r\n<hr class=\"wp-block-separator has-css-opacity\" \/>\r\n\r\n\r\n\r\n<h3 class=\"wp-block-heading\" id=\"knoxshipping\">Versand und Bearbeitung<\/h3>\r\n\r\n\r\n\r\n<p>Alle Pakete werden in Gro\u00dfbritannien entweder per Standard Mail oder per UPS Express Service zugestellt. Standard Mail kann bis zu 7 Arbeitstage dauern. Der Express Service dauert normalerweise 1 -2 Tage. F\u00fcr Bestellungen \u00fcber \u00a399.99 erhalten Sie eine kostenlose Lieferung an einen UPS Access Point in Gro\u00dfbritannien.<br>Pakete, die per Express au\u00dferhalb Gro\u00dfbritanniens verschickt werden, m\u00fcssen an der Adresse des Kreditkarteninhabers unterzeichnet werden. Es ist nicht m\u00f6glich, einen genauen Zeitpunkt f\u00fcr die Zustellung anzugeben, aber auf Wunsch werden wir uns bem\u00fchen, ein Paket an einem bestimmten Tag zuzustellen.<br>Alle Pakete, die in Europa oder in den Rest der Welt geliefert werden, werden per Standard Mail oder Express Service verschickt. Bitte kontaktieren Sie uns, wenn Sie weitere Details ben\u00f6tigen.<\/p>\r\n\r\n\r\n\r\n<p><strong>BITTE BEACHTEN: <\/strong><\/p>\r\n\r\n\r\n\r\n<p><strong>Bei Bestellungen, die au\u00dferhalb Gro\u00dfbritanniens verschickt werden, k\u00f6nnen Zollgeb\u00fchren oder Einfuhrsteuern anfallen, sobald die Sendung Ihr Land erreicht. Kunden sind daf\u00fcr verantwortlich, diese Kosten \u00fcber den benannten Kurierdienst zu bezahlen. Wenn Sie weitere Informationen \u00fcber Einfuhrsteuern ben\u00f6tigen, empfehlen wir Ihnen, sich bei Ihrer \u00f6rtlichen Zollbeh\u00f6rde zu erkundigen.<\/strong><\/p>\r\n\r\n\r\n\r\n<p><strong>Bestellungen werden versandt, wenn alle Artikel verf\u00fcgbar sind. Wenn Sie einen Teilversand Ihrer Bestellung w\u00fcnschen, senden Sie bitte eine E-Mail an sales@planet-knox.com, um die M\u00f6glichkeiten zu besprechen.<\/strong><\/p>\r\n\r\n\r\n\r\n<hr class=\"wp-block-separator has-css-opacity\" \/>\r\n\r\n\r\n\r\n<h3 class=\"wp-block-heading\">Zeitplan f\u00fcr die Lieferung<\/h3>\r\n\r\n\r\n\r\n<p>We will normally despatch your order the same day or next business day if the products are in stock. Orders are despatched Monday  &#8211;  Friday. These are normal business days unless it is a UK national holiday.\u00a0 Occasionally there may be a delay on an order but we will make every effort to keep you informed by email. You will be given the option of cancelling your order if you would rather not wait.<\/p>\r\n\r\n\r\n\r\n<h3 class=\"wp-block-heading\">Einfuhrabgaben<\/h3>\r\n\r\n\r\n\r\n<p>Planet Knox ist nicht verantwortlich f\u00fcr anfallende Zoll-\/Einfuhrgeb\u00fchren. Planet Knox Produkte werden bei Bestellungen au\u00dferhalb Gro\u00dfbritanniens in Pfund Sterling auf DAP-Basis (Delivered at Place) verkauft. Es kann sein, dass der Empf\u00e4nger vor oder bei der Lieferung Einfuhrz\u00f6lle oder eine formale Zollgeb\u00fchr zahlen muss. Je nach lokaler Gesetzgebung k\u00f6nnen zus\u00e4tzliche Steuern, Geb\u00fchren oder Abgaben anfallen. Wir empfehlen unseren Kunden, sich \u00fcber diese Details zu informieren, bevor sie eine Bestellung aufgeben.<br>Wenn die Postleitzahl oder ein Teil der Adresse falsch eingegeben wird, kann es zu Verz\u00f6gerungen oder Lieferausf\u00e4llen kommen.<\/p>\r\n\r\n\r\n\r\n<h3 class=\"wp-block-heading\">Sicherheit der Kreditkarte<\/h3>\r\n\r\n\r\n\r\n<p>Alle Kreditkartennummern werden in der Software verschl\u00fcsselt, wenn die Bestellung aufgegeben wird, und zwar mit einer 128-Bit-Verschl\u00fcsselung. Sie werden erst entschl\u00fcsselt, nachdem sie unseren Computer erreicht haben. Sie werden nicht im Klartext auf einer Website gespeichert.<\/p>\r\n\r\n\r\n\r\n<hr class=\"wp-block-separator has-css-opacity\" \/>\r\n\r\n\r\n\r\n<h3 class=\"wp-block-heading\" id=\"returns\">R\u00fcckgabe und Garantie<\/h3>\r\n\r\n\r\n\r\n<p>Wir m\u00f6chten, dass Sie jedes Mal, wenn Sie bei uns einkaufen, begeistert sind. Wir wissen jedoch, dass Sie gelegentlich Artikel zur\u00fcckgeben m\u00f6chten. Wenn Sie aus irgendeinem Grund mit Ihrem Kauf nicht zufrieden sind, k\u00f6nnen Sie ihn innerhalb von 30 Tagen nach Erhalt des Artikels in der Originalverpackung und in wiederverkaufbarem Zustand an uns zur\u00fccksenden. Wir erstatten Ihnen dann den vollen Preis, den Sie f\u00fcr den Artikel bezahlt haben. Bitte geben Sie uns mindestens 2 Wochen Zeit, um Ihre R\u00fcckerstattung zu bearbeiten, sobald wir Ihre Ware erhalten haben. Die R\u00fcckerstattung wird dem Zahlungskartenkonto gutgeschrieben. Bitte beachten Sie das Verfahren und die Bedingungen unten unter R\u00fcckgabebedingungen.<\/p>\r\n\r\n\r\n\r\n<h3 class=\"wp-block-heading\">R\u00fcckgabepolitik<\/h3>\r\n\r\n\r\n\r\n<p>Sie k\u00f6nnen Ihre Bestellung innerhalb von 7 Werktagen nach Erhalt der Ware stornieren. Um einen Kauf zu stornieren, m\u00fcssen Sie uns zun\u00e4chst schriftlich per Post oder E-Mail benachrichtigen, ein Telefonanruf reicht nicht aus. Zu Ihrem Schutz empfehlen wir Ihnen, die Ware per Einschreiben zur\u00fcckzusenden. Wenn wir den Artikel nicht von Ihnen zur\u00fcckerhalten, k\u00f6nnen wir die Abholung des Artikels bei Ihnen auf Ihre Kosten veranlassen.<br><\/p>\r\n\r\n\r\n\r\n<p>Bitte beachten Sie, dass Sie die Kosten f\u00fcr die R\u00fccksendung der Artikel an uns tragen, es sei denn, wir haben Ihnen den Artikel irrt\u00fcmlich geliefert oder der Artikel ist besch\u00e4digt.<br>Bitte informieren Sie uns vor der R\u00fccksendung von Waren entweder telefonisch unter +44 1900 825825 oder per E-Mail <a href=\"mailto:sales@planet-knox.com\">sales@planet-knox.com<\/a>.<br>Andernfalls kann die Zustellung von Paketen verweigert und diese an den Absender zur\u00fcckgeschickt werden. Bitte geben Sie den Namen, die Adresse und die Telefonnummer des Absenders sowie eine Kopie des Originalbelegs und einen Grund f\u00fcr die R\u00fccksendung an. Bitte beachten Sie, dass Sie die Kosten f\u00fcr die R\u00fccksendung der Artikel an uns tragen, es sei denn, wir haben Ihnen den Artikel irrt\u00fcmlich zugestellt oder der Artikel ist besch\u00e4digt.<\/p>\r\n\r\n\r\n\r\n<p>Wenn Sie einen Artikel aufgrund eines Fehlers unsererseits oder aufgrund einer Besch\u00e4digung zur\u00fccksenden, erstatten wir Ihnen gerne die Versandkosten f\u00fcr die Zusendung des Artikels und Ihre angemessenen Kosten f\u00fcr die R\u00fccksendung an uns.<br>Wenn Sie m\u00f6chten, dass wir falsche, besch\u00e4digte oder fehlerhafte Waren von einer britischen Adresse abholen, rufen Sie uns bitte unter 01900 825825 an. Diese Nummer ist von Montag bis Freitag von 8.30 Uhr bis 17.00 Uhr erreichbar und Anrufe werden zum Standardtarif berechnet. Wir werden dann die Abholung der Waren veranlassen<br>Wenn Sie au\u00dferhalb Gro\u00dfbritanniens sind und ein Produkt zur\u00fcckgeben m\u00f6chten, befolgen Sie bitte das Verfahren f\u00fcr R\u00fccksendungen au\u00dferhalb Gro\u00dfbritanniens, das unter <a href=\"https:\/\/www.planet-knox.com\/de\/product-returns\/world-returns\/\">https:\/\/www.planet-knox.com\/product-returns\/world-returns\/<\/a>.<br>Stellen Sie sicher, dass Sie das Paket mit \"RETURNS\" kennzeichnen, damit es nicht vom Zoll zur\u00fcckgehalten wird.<\/p>\r\n\r\n\r\n\r\n<hr class=\"wp-block-separator has-css-opacity\" \/>\r\n\r\n\r\n\r\n<h3 class=\"wp-block-heading\" id=\"knoxquality\">Garantie<\/h3>\r\n\r\n\r\n\r\n<p>Knox Produkte haben eine Garantie von 12 Monaten ab Lieferdatum. Im Falle eines Material- oder Verarbeitungsfehlers verpflichten wir uns, den Artikel kostenlos zu ersetzen oder nach unserem Ermessen zu reparieren, vorbehaltlich der folgenden Bedingungen.<\/p>\r\n\r\n\r\n\r\n<p>Diese Garantie gilt nicht f\u00fcr Fehler, die auf eine der folgenden Ursachen zur\u00fcckzuf\u00fchren sind:<br>(a) Sch\u00e4den aufgrund von normalem Verschlei\u00df und Abnutzung;<br>(b) vors\u00e4tzliche oder absichtliche Besch\u00e4digung, unsachgem\u00e4\u00dfe Lagerung oder Verwendung, Unfall, Fahrl\u00e4ssigkeit durch Sie oder eine andere Person;<br>(c) wenn Sie die Produkte nicht gem\u00e4\u00df den mitgelieferten Anweisungen verwenden;<br>(d) Anpassungen, die Sie an dem Produkt vorgenommen haben, oder \u00c4nderungen durch Sie oder eine andere Person, die wir nicht autorisiert haben.<br>Unsere Haftung beschr\u00e4nkt sich auf eine solche Ersatzlieferung oder Reparatur, die als vollst\u00e4ndige Erf\u00fcllung unseres Vertrags gilt. Falls ein Artikel bei der Lieferung Material- oder Verarbeitungsfehler aufweist, m\u00fcssen Sie uns dies innerhalb von 7 Tagen mitteilen und uns eine angemessene Frist einr\u00e4umen, um den Artikel zu ersetzen oder zu reparieren, vorausgesetzt, dass alle fehlerhaften Artikel in dem Zustand an uns zur\u00fcckgeschickt werden, in dem sie von uns geliefert wurden. Wir \u00fcbernehmen keine Haftung f\u00fcr fehlerhafte Teile, die w\u00e4hrend des Transports besch\u00e4digt wurden, sei es aufgrund einer unzureichenden Verpackung oder aus anderen Gr\u00fcnden.<\/p>\r\n\r\n\r\n\r\n<p>Wenn Sie Probleme mit einem Knox Produkt haben, wie oben beschrieben, senden Sie uns bitte eine E-Mail an:\u00a0<a href=\"mailto:sales@planet-knox.com\">sales@planet-knox.com<\/a>.<\/p>\r\n\r\n\r\n\r\n<hr class=\"wp-block-separator has-css-opacity\" \/>\r\n\r\n\r\n\r\n<h3 class=\"wp-block-heading\">Wichtiger Sicherheitshinweis<\/h3>\r\n\r\n\r\n\r\n<p>Viele der Sportarten und Aktivit\u00e4ten, an denen Menschen bei der Verwendung unserer Produkte teilnehmen, k\u00f6nnen gef\u00e4hrlich sein und wir haben keine Kontrolle dar\u00fcber, wie Sie unsere Produkte verwenden. Sie sind daf\u00fcr verantwortlich, alle Sicherheitshinweise zu lesen und zu befolgen, die wir Ihnen im Zusammenhang mit unseren Produkten zur Verf\u00fcgung stellen, und ein gutes Urteilsverm\u00f6gen hinsichtlich der richtigen Auswahl und Verwendung unserer Produkte an den Tag zu legen.<br>Wir bem\u00fchen uns zwar nach Kr\u00e4ften, sicherzustellen, dass die Produkte von Knox zu Ihrer Zufriedenheit sind, und viele unserer Produkte sind nach EU-Normen CE-zertifiziert, aber wir k\u00f6nnen nicht garantieren, dass unsere Produkte Sie unter allen Umst\u00e4nden sch\u00fctzen werden.<\/p>\r\n\r\n\r\n\r\n<hr class=\"wp-block-separator has-css-opacity\" \/>\r\n\r\n\r\n\r\n<h3 class=\"wp-block-heading\">Haftung<\/h3>\r\n\r\n\r\n\r\n<p>Knox haftet nicht f\u00fcr Personensch\u00e4den, die Sie infolge der Verwendung unserer Produkte erleiden, es sei denn, diese Verletzungen wurden durch unsere Fahrl\u00e4ssigkeit verursacht.<br>Sie erkl\u00e4ren sich damit einverstanden, dass Sie die Produkte von Knox auf eigene Gefahr tragen und dass die Produkte keinen Anspruch darauf erheben, Sie vor Verletzungen zu sch\u00fctzen, die beim Tragen der Produkte auftreten k\u00f6nnen.<br>W\u00e4hrend Knox f\u00fcr Verluste oder Sch\u00e4den, die Sie erleiden und die eine vorhersehbare Folge unserer Vertragsverletzung oder unserer Fahrl\u00e4ssigkeit sind, verantwortlich ist, ist Knox nicht f\u00fcr Verluste oder Sch\u00e4den verantwortlich, die Sie erleiden und die nicht vorhersehbar sind oder die nicht auf unsere Vertragsverletzung oder Fahrl\u00e4ssigkeit zur\u00fcckzuf\u00fchren sind. Ein Verlust oder Schaden ist vorhersehbar, wenn er eine offensichtliche Folge unserer Vertragsverletzung ist oder wenn er von Ihnen und uns zum Zeitpunkt des Vertragsabschlusses in Betracht gezogen wurde.<br>Wir haften in keiner Weise f\u00fcr Folgesch\u00e4den, indirekte oder zuf\u00e4llige Sch\u00e4den, Verluste oder sonstige Kosten.<br>Da einige Gerichtsbarkeiten den Ausschluss oder die Beschr\u00e4nkung von Folgesch\u00e4den, indirekten oder zuf\u00e4lligen Sch\u00e4den, Verlusten oder Ausgaben nicht zulassen, ist die Haftung von Knox in diesen Gerichtsbarkeiten auf das gesetzlich zul\u00e4ssige Ma\u00df beschr\u00e4nkt. Knox ist nicht verantwortlich f\u00fcr Verluste, die nicht von Knox verursacht wurden.<br>Nichts in diesem Vertrag soll unsere Haftung Ihnen gegen\u00fcber einschr\u00e4nken oder ausschlie\u00dfen:<br>(a) Tod oder K\u00f6rperverletzung, die auf unsere Fahrl\u00e4ssigkeit zur\u00fcckzuf\u00fchren sind; oder<br>(b) Betrug oder arglistige T\u00e4uschung; oder<br>(c) Versto\u00df gegen die in den Abschnitten 12, 13, 14 und 15 des Sale of Goods Act 1979 enthaltenen Bestimmungen (Titel, Beschreibung, zufriedenstellende Qualit\u00e4t, Eignung f\u00fcr einen bestimmten Zweck und Muster); oder<br>(d) Versto\u00df gegen Abschnitt 2 des Verbraucherschutzgesetzes von 1987.<\/p>\r\n\r\n\r\n\r\n<hr class=\"wp-block-separator has-css-opacity\" \/>\r\n\r\n\r\n\r\n<h3 class=\"wp-block-heading\">Datenschutzbestimmungen<\/h3>\r\n\r\n\r\n\r\n<p>Lesen Sie unsere Datenschutzbestimmungen vollst\u00e4ndig\u00a0<a href=\"\/de\/knox-privacy-policy\/\">HIER<\/a><\/p>\r\n\r\n\r\n\r\n<h3 class=\"wp-block-heading\">Genauigkeit des Inhalts<\/h3>\r\n\r\n\r\n\r\n<p>Planet Knox Ltd. hat den Inhalt dieser Website mit gr\u00f6\u00dfter Sorgfalt erstellt, insbesondere um sicherzustellen, dass die angegebenen Preise zum Zeitpunkt der Ver\u00f6ffentlichung korrekt sind und alle Produkte angemessen beschrieben wurden. Bestellungen werden jedoch nur angenommen, wenn keine wesentlichen Fehler in der Beschreibung der Waren oder ihrer Preise auf dieser Website vorliegen. Alle Preise sind inklusive Mehrwertsteuer angegeben. Die Verpackung kann von der Abbildung abweichen. Die angegebenen Gewichte, Abmessungen und Kapazit\u00e4ten sind nur ungef\u00e4hre Angaben.<\/p>\r\n\r\n\r\n\r\n<hr class=\"wp-block-separator has-css-opacity\" \/>\r\n\r\n\r\n\r\n<h3 class=\"wp-block-heading\">Abfindung<\/h3>\r\n\r\n\r\n\r\n<p>Sollte sich ein Teil dieses Vertrages als ung\u00fcltig, nicht durchsetzbar oder rechtswidrig erweisen, so bleiben die anderen Teile davon unber\u00fchrt, und wenn dieser Vertrag in vollem Umfang g\u00fcltig, durchsetzbar und rechtm\u00e4\u00dfig w\u00e4re, wenn dieser Teil gestrichen w\u00fcrde, so gilt dieser Teil als gestrichen.<\/p>\r\n\r\n\r\n\r\n<h3 class=\"wp-block-heading\">Recht, Gerichtsbarkeit und Sprache<\/h3>\r\n\r\n\r\n\r\n<p>Diese Website, ihr Inhalt und jeder Vertrag, der durch die Nutzung dieser Website zustande kommt, unterliegen englischem Recht und werden nach diesem ausgelegt. Die Vertragsparteien erkl\u00e4ren sich damit einverstanden, sich der ausschlie\u00dflichen Gerichtsbarkeit der Gerichte von England und Wales zu unterwerfen. Alle Vertr\u00e4ge werden in englischer Sprache abgeschlossen.<\/p>\r\n\r\n\r\n\r\n<hr class=\"wp-block-separator has-css-opacity\" \/>\r\n\r\n\r\n\r\n<h3 class=\"wp-block-heading\">Angebote<\/h3>\r\n\r\n\r\n\r\n<p>Alle Knox-Produkte, die Teil eines Angebots oder einer Werbeaktion sind, werden einzeln als Teil des jeweiligen Angebots verkauft. Die angebotenen Produkte k\u00f6nnen nicht mit anderen Angeboten kombiniert werden und es k\u00f6nnen auch keine weiteren Rabatte auf sie angewendet werden. Sollte dies der Fall sein, wird die Bestellung storniert und zur\u00fcckerstattet.<\/p>","protected":false},"excerpt":{"rendered":"<p>Planet Knox Limited widmet sich voll und ganz Ihrer vollen Zufriedenheit. Wenn Sie Vorschl\u00e4ge oder Kommentare haben, senden Sie uns bitte eine E-Mail an sales@planet-knox.com.Planet. Knox Ltd ist ein Unternehmen mit Sitz in Gro\u00dfbritannien und h\u00e4lt sich an das britische Verbraucherrecht. Mit dem Besuch unserer Knox Armour Website akzeptieren Sie die...<\/p>","protected":false},"author":1,"featured_media":0,"parent":0,"menu_order":0,"comment_status":"closed","ping_status":"closed","template":"","meta":{"_acf_changed":false,"inline_featured_image":false,"footnotes":""},"class_list":["post-84670","page","type-page","status-publish","hentry"],"acf":[],"aioseo_notices":[],"_links":{"self":[{"href":"https:\/\/www.planet-knox.com\/de\/wp-json\/wp\/v2\/pages\/84670","targetHints":{"allow":["GET"]}}],"collection":[{"href":"https:\/\/www.planet-knox.com\/de\/wp-json\/wp\/v2\/pages"}],"about":[{"href":"https:\/\/www.planet-knox.com\/de\/wp-json\/wp\/v2\/types\/page"}],"author":[{"embeddable":true,"href":"https:\/\/www.planet-knox.com\/de\/wp-json\/wp\/v2\/users\/1"}],"replies":[{"embeddable":true,"href":"https:\/\/www.planet-knox.com\/de\/wp-json\/wp\/v2\/comments?post=84670"}],"version-history":[{"count":0,"href":"https:\/\/www.planet-knox.com\/de\/wp-json\/wp\/v2\/pages\/84670\/revisions"}],"wp:attachment":[{"href":"https:\/\/www.planet-knox.com\/de\/wp-json\/wp\/v2\/media?parent=84670"}],"curies":[{"name":"wp","href":"https:\/\/api.w.org\/{rel}","templated":true}]}}