{"id":192797,"date":"2023-01-16T09:12:59","date_gmt":"2023-01-16T09:12:59","guid":{"rendered":"https:\/\/www.planet-knox.com\/?page_id=192797"},"modified":"2023-04-13T09:48:11","modified_gmt":"2023-04-13T09:48:11","slug":"patent","status":"publish","type":"page","link":"https:\/\/www.planet-knox.com\/de\/patent\/","title":{"rendered":"Knox-Patente"},"content":{"rendered":"<div class=\"wpb-content-wrapper\"><div class=\"vc_row wpb_row vc_row-fluid gradient-container-1\"><div class=\"gradient-column-1 wpb_column vc_column_container vc_col-sm-12\"><div class=\"vc_column-inner\"><div class=\"wpb_wrapper\"><div class=\"norebro-accordion-s\u0441 accordion-box\" \n\tid=\"norebro-custom-6a028b838564c\"\n\tdata-norebro-accordion=\"0\"\n\t \n\t>\n\n\t<div id=\"1673859980578-44f3e9fd-b028\" class=\"item\">\n\t\n\t<div class=\"title\">\n\t\t\t\t<h4>KAHNBEINSCHUTZSYSTEM VON KNOX<\/h4>\n\t\t<div class=\"control\">\n\t\t\t<span class=\"ion-plus\"><\/span>\n\t\t<\/div>\n\t<\/div>\n\n\t<div class=\"content\">\n\t\t<div class=\"wrap\">\n\t\t\t<h3>EP159437881 SPS-Patent in der EU<\/h3>\n<p>Diese Erfindung bezieht sich in erster Linie auf einen Kahnbeinschutz, der in Handschuhen f\u00fcr Motorradfahrer verwendet wird, jedoch nicht ausschlie\u00dflich.<\/p>\n<h3>US8671463 SPS-Patent in den USA<\/h3>\n<p>Diese Erfindung bezieht sich in erster Linie auf einen Kahnbeinschutz, der in Handschuhen f\u00fcr Motorradfahrer verwendet wird, jedoch nicht ausschlie\u00dflich.<\/p>\n\t\t<\/div>\n\t<\/div>\n\n<\/div><div id=\"1673859980593-fd794592-2ceb\" class=\"item\">\n\t\n\t<div class=\"title\">\n\t\t\t\t<h4>KNOX COMPACT ARMOUR<\/h4>\n\t\t<div class=\"control\">\n\t\t\t<span class=\"ion-plus\"><\/span>\n\t\t<\/div>\n\t<\/div>\n\n\t<div class=\"content\">\n\t\t<div class=\"wrap\">\n\t\t\t<h3>Patentanmeldung P336753GB<\/h3>\n<p>Diese Erfindung bezieht sich auf ein Aufprallschutzpolster zum Einsetzen in Kleidungsst\u00fccke, die f\u00fcr das Motorradfahren geeignet sind, jedoch nicht ausschlie\u00dflich.<\/p>\n\t\t<\/div>\n\t<\/div>\n\n<\/div><div id=\"1673860225363-83e64b5f-ec5a\" class=\"item\">\n\t\n\t<div class=\"title\">\n\t\t\t\t<h4>Schutzschild-Stoff<\/h4>\n\t\t<div class=\"control\">\n\t\t\t<span class=\"ion-plus\"><\/span>\n\t\t<\/div>\n\t<\/div>\n\n\t<div class=\"content\">\n\t\t<div class=\"wrap\">\n\t\t\t<h3>Patentanmeldung P347864GB<\/h3>\n<p>Diese Erfindung bezieht sich auf einen Stoff zur Verwendung in einem Kleidungsst\u00fcck, das f\u00fcr den Motorradsport geeignet ist, allerdings nicht ausschlie\u00dflich.<br \/>\nDerzeit ausstehend.<\/p>\n\t\t<\/div>\n\t<\/div>\n\n<\/div>\t\n<\/div><\/div><\/div><\/div><\/div>\n<\/div>","protected":false},"excerpt":{"rendered":"KNOX SCAPHOID PROTECTION SYSTEM EP159437881 SPS-Patent in der EU Diese Erfindung bezieht sich in erster Linie auf den Schutz des Kahnbeins in Motorradhandschuhen, jedoch nicht ausschlie\u00dflich. US8671463 SPS-Patent in den USA Diese Erfindung betrifft in erster Linie den Kahnbeinschutz in Handschuhen, die f\u00fcr das Motorradfahren geeignet sind...","protected":false},"author":1,"featured_media":0,"parent":0,"menu_order":0,"comment_status":"closed","ping_status":"closed","template":"","meta":{"_acf_changed":false,"inline_featured_image":false,"footnotes":""},"class_list":["post-192797","page","type-page","status-publish","hentry"],"acf":[],"aioseo_notices":[],"_links":{"self":[{"href":"https:\/\/www.planet-knox.com\/de\/wp-json\/wp\/v2\/pages\/192797","targetHints":{"allow":["GET"]}}],"collection":[{"href":"https:\/\/www.planet-knox.com\/de\/wp-json\/wp\/v2\/pages"}],"about":[{"href":"https:\/\/www.planet-knox.com\/de\/wp-json\/wp\/v2\/types\/page"}],"author":[{"embeddable":true,"href":"https:\/\/www.planet-knox.com\/de\/wp-json\/wp\/v2\/users\/1"}],"replies":[{"embeddable":true,"href":"https:\/\/www.planet-knox.com\/de\/wp-json\/wp\/v2\/comments?post=192797"}],"version-history":[{"count":0,"href":"https:\/\/www.planet-knox.com\/de\/wp-json\/wp\/v2\/pages\/192797\/revisions"}],"wp:attachment":[{"href":"https:\/\/www.planet-knox.com\/de\/wp-json\/wp\/v2\/media?parent=192797"}],"curies":[{"name":"wp","href":"https:\/\/api.w.org\/{rel}","templated":true}]}}