{"id":154927,"date":"2021-03-08T13:47:17","date_gmt":"2021-03-08T13:47:17","guid":{"rendered":"https:\/\/www.planet-knox.com\/?page_id=154927"},"modified":"2023-02-01T09:16:19","modified_gmt":"2023-02-01T09:16:19","slug":"knox-careers","status":"publish","type":"page","link":"https:\/\/www.planet-knox.com\/de\/knox-careers\/","title":{"rendered":"Knox Karrieren"},"content":{"rendered":"<div class=\"wpb-content-wrapper\"><div class=\"vc_row wpb_row vc_row-fluid gradient-container-1\"><div class=\"gradient-column-1 wpb_column vc_column_container vc_col-sm-12\"><div class=\"vc_column-inner\"><div class=\"wpb_wrapper\"><div class=\"vc_row wpb_row vc_inner vc_row-fluid\"><div class=\"wpb_column vc_column_container vc_col-sm-8\"><div class=\"vc_column-inner vc_custom_1615203489660\"><div class=\"wpb_wrapper\"><div class=\"norebro-heading-sc heading text-left\"\n\tid=\"norebro-custom-69ea726a6bde9\" \n\t \n\t>\n\t\n\t\n\t\n\t<h3 class=\"title\">\n\t\tErfahrener Bekleidungs\nTechnologe &amp; Schnittmusterschneider\t<\/h3>\n\n\t\n\t\t\t<p class=\"subtitle\">\n\t\t\t\t\t<\/p>\n\t\t\n<\/div><div class=\"vc_separator wpb_content_element vc_separator_align_center vc_sep_width_100 vc_sep_pos_align_center vc_separator_no_text vc_sep_color_grey vc_custom_1615211386416 wpb_content_element  vc_custom_1615211386416 wpb_content_element\" ><span class=\"vc_sep_holder vc_sep_holder_l\"><span class=\"vc_sep_line\"><\/span><\/span><span class=\"vc_sep_holder vc_sep_holder_r\"><span class=\"vc_sep_line\"><\/span><\/span>\n<\/div><div class=\"norebro-text-sc\" \n\tid=\"norebro-custom-69ea726a6c27d\" \n\t \n\t>\n\n\t<p>Knox sucht einen dynamischen und erfahrenen Mitarbeiter f\u00fcr das Londoner Studio des Unternehmens.<\/p>\n<p>Knox ist ein etabliertes Sportbekleidungsunternehmen, das innovative und moderne Bekleidung, Schutz, Handschuhe und anderes Zubeh\u00f6r f\u00fcr den Motorradmarkt entwirft und produziert.<\/p>\n<p>Knox arbeitet zwischen dem Hauptsitz im Lake District und dem Designstudio in East-London. Diese Stelle ist in London angesiedelt.<\/p>\n<p>Diese Aufgabe eignet sich f\u00fcr jemanden, der \u00fcber vielf\u00e4ltige Erfahrungen in den Bereichen Schnittmuster, Bekleidungstechnik und Produktentwicklung verf\u00fcgt.<\/p>\n\t\n<\/div><\/div><\/div><\/div><div class=\"wpb_column vc_column_container vc_col-sm-4 vc_col-has-fill\"><div class=\"vc_column-inner vc_custom_1615204638287\"><div class=\"wpb_wrapper\"><div class=\"norebro-heading-sc heading text-center\"\n\tid=\"norebro-custom-69ea726a6c534\" \n\t \n\t>\n\t\n\t\n\t\n\t<h3 class=\"title\">\n\t\tJob Details\t<\/h3>\n\n\t\n\t\t\t<p class=\"subtitle\">\n\t\t\t\t\t<\/p>\n\t\t\n<\/div><div class=\"norebro-text-sc\" \n\tid=\"norebro-custom-69ea726a6c652\" \n\t \n\t>\n\n\t<p><strong>Job Titel:<\/strong> Erfahrene Bekleidungstechnologin und Schnittmusterschneiderin<br \/>\n<strong>Standort:<\/strong> East-London, Vereinigtes K\u00f6nigreich.<br \/>\n<strong>Job-Typ:<\/strong> Vollzeit, unbefristet<strong><br \/>\n<\/strong><strong>Gehalt: <\/strong>\u00a330,000.00-\u00a335,000.00 pro Jahr<\/p>\n<p><em>Das Gehalt h\u00e4ngt von der Erfahrung ab<\/em><\/p>\n\t\n<\/div><div class=\"vc_empty_space\"   style=\"height: 25px\"><span class=\"vc_empty_space_inner\"><\/span><\/div><div class=\"norebro-button-sc btn-wrap text-center\" \n\tid=\"norebro-custom-69ea726a6c865\"\n\t \n\t>\n\n\t<a href=\"https:\/\/www.planet-knox.com\/de\/knox-careers\/pattern-cutter-garment-technologist\/\" \n\t\tclass=\"btn  full-width\">\n\n\t\t\n\t\t\n\t\t<span class=\"text\">\n\t\t\tStellenangebot ansehen\t\t<\/span>\n\n\t\t\n\t\t\n\t\t\t<\/a>\n\n<\/div><\/div><\/div><\/div><\/div><div class=\"vc_empty_space\"   style=\"height: 65px\"><span class=\"vc_empty_space_inner\"><\/span><\/div><div class=\"vc_separator wpb_content_element vc_separator_align_center vc_sep_width_100 vc_sep_pos_align_center vc_separator_no_text vc_sep_color_grey wpb_content_element  wpb_content_element\" ><span class=\"vc_sep_holder vc_sep_holder_l\"><span class=\"vc_sep_line\"><\/span><\/span><span class=\"vc_sep_holder vc_sep_holder_r\"><span class=\"vc_sep_line\"><\/span><\/span>\n<\/div><div class=\"vc_empty_space\"   style=\"height: 65px\"><span class=\"vc_empty_space_inner\"><\/span><\/div><\/div><\/div><\/div><\/div><div class=\"vc_row wpb_row vc_row-fluid gradient-container-6\"><div class=\"gradient-column-2 wpb_column vc_column_container vc_col-sm-12\"><div class=\"vc_column-inner\"><div class=\"wpb_wrapper\"><\/div><\/div><\/div><\/div>\n<\/div>","protected":false},"excerpt":{"rendered":"Erfahrene(r) Bekleidungstechniker(in) &amp; Schnittmusterschneider(in) Knox sucht eine dynamische und erfahrene Person, die in ihrem Londoner Atelier arbeiten m\u00f6chte. Knox ist ein etabliertes Sportbekleidungsunternehmen, das innovative und moderne Kleidung, Schutz, Handschuhe und andere Accessoires entwirft und produziert...","protected":false},"author":1,"featured_media":0,"parent":0,"menu_order":0,"comment_status":"closed","ping_status":"closed","template":"","meta":{"_acf_changed":false,"inline_featured_image":false,"footnotes":""},"class_list":["post-154927","page","type-page","status-publish","hentry"],"acf":[],"aioseo_notices":[],"_links":{"self":[{"href":"https:\/\/www.planet-knox.com\/de\/wp-json\/wp\/v2\/pages\/154927","targetHints":{"allow":["GET"]}}],"collection":[{"href":"https:\/\/www.planet-knox.com\/de\/wp-json\/wp\/v2\/pages"}],"about":[{"href":"https:\/\/www.planet-knox.com\/de\/wp-json\/wp\/v2\/types\/page"}],"author":[{"embeddable":true,"href":"https:\/\/www.planet-knox.com\/de\/wp-json\/wp\/v2\/users\/1"}],"replies":[{"embeddable":true,"href":"https:\/\/www.planet-knox.com\/de\/wp-json\/wp\/v2\/comments?post=154927"}],"version-history":[{"count":0,"href":"https:\/\/www.planet-knox.com\/de\/wp-json\/wp\/v2\/pages\/154927\/revisions"}],"wp:attachment":[{"href":"https:\/\/www.planet-knox.com\/de\/wp-json\/wp\/v2\/media?parent=154927"}],"curies":[{"name":"wp","href":"https:\/\/api.w.org\/{rel}","templated":true}]}}