{"id":142190,"date":"2020-06-11T10:45:34","date_gmt":"2020-06-11T10:45:34","guid":{"rendered":"https:\/\/www.planet-knox.com\/?page_id=142190"},"modified":"2024-05-15T08:06:14","modified_gmt":"2024-05-15T08:06:14","slug":"product-returns","status":"publish","type":"page","link":"https:\/\/www.planet-knox.com\/de\/product-returns\/","title":{"rendered":"R\u00fcckgabe und Umtausch"},"content":{"rendered":"<div class=\"wpb-content-wrapper\"><div class=\"vc_row wpb_row vc_row-fluid gradient-container-1\"><div class=\"gradient-column-1 wpb_column vc_column_container vc_col-sm-12\"><div class=\"vc_column-inner\"><div class=\"wpb_wrapper\">\n<div class=\"norebro-message-module-sc message-box  error messagemodule\"\n\tid=\"norebro-custom-69fe158607547\" \n\t \n\t>\n\t\n\tBITTE BEACHTEN SIE: Dies ist f\u00fcr die R\u00fcckgabe oder den Umtausch von Produkten, die wir innerhalb der letzten 30 Tage an Sie versandt haben und die nicht benutzt wurden.<br\/><strong>WENN SIE EINEN GARANTIEANSPRUCH HABEN, K\u00d6NNTE DIE VERWENDUNG DIESES SYSTEMS DEN GARANTIEPROZESS VERLANGSAMEN.<\/strong> Wenn Sie einen Garantieanspruch haben, verwenden Sie das Garantieformular.\n\t\t\t<a href=\"https:\/\/www.planet-knox.com\/de\/warranty-request\/\"\t>\n\t\t\tKnox-Garantieformular\t\t<\/a>\n\t\n\t\t\t<div class=\"close\">\n\t\t\t<span class=\"ion-ios-close-empty\"><\/span>\n\t\t<\/div>\n\t\n<\/div>\n\n<\/div><\/div><\/div><\/div><div class=\"vc_row wpb_row vc_row-fluid gradient-container-2\"><div class=\"gradient-column-2 wpb_column vc_column_container vc_col-sm-12\"><div class=\"vc_column-inner\"><div class=\"wpb_wrapper\"><div class=\"vc_empty_space\"   style=\"height: 32px\"><span class=\"vc_empty_space_inner\"><\/span><\/div><div class=\"norebro-heading-sc heading text-center\"\n\tid=\"norebro-custom-69fe158607928\" \n\t \n\t>\n\t\n\t\n\t\n\t<h3 class=\"title\">\n\t\tWarum geben Sie Ihr Produkt zur\u00fcck?\t<\/h3>\n\n\t\n\t\t\t<p class=\"subtitle\">\n\t\t\tBitte nennen Sie Ihren Grund\t\t<\/p>\n\t\t\n<\/div><div class=\"vc_empty_space\"   style=\"height: 17px\"><span class=\"vc_empty_space_inner\"><\/span><\/div>\n<div class=\"norebro-message-module-sc message-box  without-close\"\n\tid=\"norebro-custom-69fe1586079dd\" \n\t \n\t>\n\t\n\t<h4>Umtausch in Gr\u00f6\u00dfe oder Stil erforderlich<\/h4><p>Wenn Sie Ihren Kauf gegen ein anderes Modell oder eine andere Gr\u00f6\u00dfe umtauschen m\u00f6chten, klicken Sie hier.<\/p>\n\t\t\t<a href=\"\/de\/product-returns\/returns-exchanges\/\"\t>\n\t\t\tWEITERGEHEN\t\t<\/a>\n\t\n\t\n<\/div>\n\n<div class=\"vc_empty_space\"   style=\"height: 17px\"><span class=\"vc_empty_space_inner\"><\/span><\/div>\n<div class=\"norebro-message-module-sc message-box  without-close\"\n\tid=\"norebro-custom-69fe158607acf\" \n\t \n\t>\n\t\n\t<h4>Falsche Gr\u00f6\u00dfe bestellt<\/h4><p>Wenn Sie die falsche Gr\u00f6\u00dfe bestellt haben, klicken Sie hier.<\/p>\n\t\t\t<a href=\"\/de\/product-returns\/returns-exchanges\/\"\t>\n\t\t\tWEITERGEHEN\t\t<\/a>\n\t\n\t\n<\/div>\n\n<div class=\"vc_empty_space\"   style=\"height: 17px\"><span class=\"vc_empty_space_inner\"><\/span><\/div>\n<div class=\"norebro-message-module-sc message-box  without-close\"\n\tid=\"norebro-custom-69fe158607be0\" \n\t \n\t>\n\t\n\t<h4>Der Stil gefiel mir nicht<\/h4><p>Hat Ihnen das Produkt nicht gefallen? M\u00f6chten Sie einfach nur eine R\u00fcckerstattung? Klicken Sie hier.<\/p>\n\t\t\t<a href=\"\/de\/product-returns\/returns-exchanges\/\"\t>\n\t\t\tWEITERGEHEN\t\t<\/a>\n\t\n\t\n<\/div>\n\n<div class=\"vc_empty_space\"   style=\"height: 17px\"><span class=\"vc_empty_space_inner\"><\/span><\/div>\n<div class=\"norebro-message-module-sc message-box  without-close\"\n\tid=\"norebro-custom-69fe158607cbc\" \n\t \n\t>\n\t\n\t<h4>Irrt\u00fcmlich gesendet<\/h4><p>Haben wir einen Fehler gemacht? Wir sind auch nur Menschen, das passiert (gelegentlich). Klicken Sie hier, und wir werden das Problem beheben!<\/p>\n\t\t\t<a href=\"https:\/\/www.planet-knox.com\/de\/product-returns\/error\/\"\t>\n\t\t\tWEITERGEHEN\t\t<\/a>\n\t\n\t\n<\/div>\n\n<div class=\"vc_empty_space\"   style=\"height: 17px\"><span class=\"vc_empty_space_inner\"><\/span><\/div>\n<div class=\"norebro-message-module-sc message-box  without-close\"\n\tid=\"norebro-custom-69fe158607d91\" \n\t \n\t>\n\t\n\t<h4>Ungeeignet<\/h4><p>Das Produkt ist nicht f\u00fcr Ihre Bed\u00fcrfnisse geeignet? Klicken Sie hier.<\/p>\n\t\t\t<a href=\"\/de\/product-returns\/returns-exchanges\/\"\t>\n\t\t\tWEITERGEHEN\t\t<\/a>\n\t\n\t\n<\/div>\n\n<div class=\"vc_empty_space\"   style=\"height: 17px\"><span class=\"vc_empty_space_inner\"><\/span><\/div>\n<div class=\"norebro-message-module-sc message-box  without-close\"\n\tid=\"norebro-custom-69fe158607e5c\" \n\t \n\t>\n\t\n\t<h4>Andere<\/h4><p>Etwas, das hier nicht beschrieben ist? Wir werden es herausfinden!<\/p>\n\t\t\t<a href=\"\/de\/product-returns\/other\/\"\t>\n\t\t\tWEITERGEHEN\t\t<\/a>\n\t\n\t\n<\/div>\n\n<\/div><\/div><\/div><\/div>\n<\/div>","protected":false},"excerpt":{"rendered":"BITTE BEACHTEN SIE: Dies ist f\u00fcr die R\u00fcckgabe oder den Umtausch von Produkten, die wir Ihnen innerhalb der letzten 30 Tage geliefert haben und die nicht benutzt wurden. Wenn Sie einen Garantieanspruch haben, verwenden Sie...","protected":false},"author":1,"featured_media":0,"parent":0,"menu_order":0,"comment_status":"closed","ping_status":"closed","template":"","meta":{"_acf_changed":false,"inline_featured_image":false,"footnotes":""},"class_list":["post-142190","page","type-page","status-publish","hentry"],"acf":[],"aioseo_notices":[],"_links":{"self":[{"href":"https:\/\/www.planet-knox.com\/de\/wp-json\/wp\/v2\/pages\/142190","targetHints":{"allow":["GET"]}}],"collection":[{"href":"https:\/\/www.planet-knox.com\/de\/wp-json\/wp\/v2\/pages"}],"about":[{"href":"https:\/\/www.planet-knox.com\/de\/wp-json\/wp\/v2\/types\/page"}],"author":[{"embeddable":true,"href":"https:\/\/www.planet-knox.com\/de\/wp-json\/wp\/v2\/users\/1"}],"replies":[{"embeddable":true,"href":"https:\/\/www.planet-knox.com\/de\/wp-json\/wp\/v2\/comments?post=142190"}],"version-history":[{"count":0,"href":"https:\/\/www.planet-knox.com\/de\/wp-json\/wp\/v2\/pages\/142190\/revisions"}],"wp:attachment":[{"href":"https:\/\/www.planet-knox.com\/de\/wp-json\/wp\/v2\/media?parent=142190"}],"curies":[{"name":"wp","href":"https:\/\/api.w.org\/{rel}","templated":true}]}}