{"id":141615,"date":"2020-05-18T13:56:37","date_gmt":"2020-05-18T13:56:37","guid":{"rendered":"https:\/\/www.planet-knox.com\/?page_id=141615"},"modified":"2022-12-12T09:58:12","modified_gmt":"2022-12-12T09:58:12","slug":"where-do-you-ship","status":"publish","type":"page","link":"https:\/\/www.planet-knox.com\/de\/where-do-you-ship\/","title":{"rendered":"Wohin liefern Sie?"},"content":{"rendered":"<div class=\"wpb-content-wrapper\"><div class=\"vc_row wpb_row vc_row-fluid gradient-container-1\"><div class=\"gradient-column-1 wpb_column vc_column_container vc_col-sm-12\"><div class=\"vc_column-inner\"><div class=\"wpb_wrapper\">\n\t<div class=\"wpb_text_column wpb_content_element\" >\n\t\t<div class=\"wpb_wrapper\">\n\t\t\t<div>Wir versenden fast \u00fcberall hin, per UPS. (Die Liste der L\u00e4nder, in die wir nicht liefern, finden Sie unten auf dieser Seite). Wenn Sie Ihr(e) Produkt(e) in den Warenkorb legen und dann zum Warenkorb gehen, k\u00f6nnen Sie \"Versand berechnen\" w\u00e4hlen, um ein Angebot zu erhalten.<\/div>\n<div><\/div>\n<h4>Knox hat auch internationale H\u00e4ndler. Verwenden Sie den Store Finder unten, um den n\u00e4chstgelegenen H\u00e4ndler zu finden.<\/h4>\n\n\t\t<\/div>\n\t<\/div>\n<div class=\"vc_row wpb_row vc_inner vc_row-fluid\"><div class=\"wpb_column vc_column_container vc_col-sm-12\"><div class=\"vc_column-inner\"><div class=\"wpb_wrapper\"><div class=\"vc_empty_space\"   style=\"height: 32px\"><span class=\"vc_empty_space_inner\"><\/span><\/div>\n        <div id=\"store_locator\" class=\"store-locator-container-fluid store_locator modal-body\"  data-hide-stores-on-first-view=\"no\">\n\n            <div class=\"store-locator-row\">\n                \n        <div id=\"store_locator_search_box\" class=\"store_locator_search_box store-locator-col-12 store-locator-col-sm-12 store-locator-col-md-12\">\n\n            <div class=\"store-locator-row\">\n\n            <div class=\"store-locator-col-12 store-locator-col-sm-12 store-locator-col-md-12 wordpress-store-locator-block-search_title\">\n        <div class=\"store-locator-headline store_modal_title\">Finden Sie die n\u00e4chstgelegene Filiale<\/div>\n\n        \n        <span id=\"store_locator_filter_active_filter_box\" class=\"store_locator_filter_active_filter_box\">\n           <small>Aktiver Filter:<\/small> <span id=\"store_locator_filter_active_filter\"><\/span>\n        <\/span>\n\n        <\/div><div class=\"store-locator-col-12 store-locator-col-sm-12 store-locator-col-md-12 wordpress-store-locator-block-address_field\">        <div class=\"wordpress-store-locator-address-container\">\n            <div class=\"store-locator-row\">\n                <div class=\"store-locator-col-12 store-locator-col-sm-12\">\n\n                                            <label for=\"store_locator_address_field\"  class=\"wordpress-store-locator-label wordpress-store-locator-address-title\">Adresse<\/label>\n                    \n                    <input id=\"store_locator_address_field\" class=\"store_locator_address_field\" type=\"text\" name=\"location\" placeholder=\"Geben Sie Ihre Adresse ein\" value=\"\">\n\n                            <a href=\"#\" id=\"store_locator_get_my_position\" class=\"store_locator_text_actions\"><i class=\"fa fa-crosshairs\"><\/i> Erhalten Sie meine Position<\/a>\n                <a href=\"#\" id=\"store_locator_reset_filters\" class=\"store_locator_text_actions\"><i class=\"fa fa-eraser\"><\/i> Alle Filter zur\u00fccksetzen<\/a>\n                 <a href=\"#\" id=\"store_locator_get_all_stores\" class=\"store_locator_text_actions\"><i class=\"fa fa-globe\"><\/i> Alle Filialen anzeigen<\/a>\n                        <\/div>\n            <\/div>\n        <\/div>\n        <\/div><div class=\"store-locator-col-12 store-locator-col-sm-12 store-locator-col-md-12 wordpress-store-locator-block-search_button\">        <div class=\"wordpress-store-locator-search-container\">\n            <div class=\"store-locator-row\">\n                <div class=\"store-locator-col-12 store-locator-col-sm-12\">\n                    <button id=\"store_locator_find_stores_button\" type=\"button\" class=\"store_locator_find_stores_button btn button et_pb_button btn-primary btn-lg\">\n                        Im Laden finden                    <\/button>\n                <\/div>\n            <\/div>\n        <\/div>\n        <\/div><div class=\"store-locator-col-12 store-locator-col-sm-12 store-locator-col-md-12 wordpress-store-locator-block-filter\">        <div class=\"wordpress-store-locator-filter-container\">\n            <div class=\"store-locator-row\">\n                <div id=\"store_locator_filter\" class=\"store_locator_filter\">\n\n                                        <div id=\"store_locator_filter_open_close\" class=\"store_locator_filter_open_close store-locator-col-12 store-locator-col-sm-12\">\n                        <div class=\"store-locator-headline store_locator_filter_title\">Filter<\/div> <i class=\"fas fa-chevron-up text-right\"><\/i>\n                    <\/div>\n                    \n                    <div id=\"store_locator_filter_content\" class=\"store_locator_filter_content\" style=\"display: block;\">\n\n                        <div class=\"store-locator-row\">\n                            \n                            <div class=\"store-locator-col-12 store-locator-col-sm-12 store-locator-col-md-12 wordpress-store-locator-block-radius_filter\">        <div class=\"store-locator-col-12 store-locator-col-sm-12 single_filter store-locator-radius-filter\">\n            \n                            <label for=\"store_locator_filter_radius\"  class=\"wordpress-store-locator-label wordpress-store-locator-radius-title\">Wie weit sind Sie bereit zu reisen?<\/label>\n                        \n            <select name=\"radius\" id=\"store_locator_filter_radius\" class=\"select store_locator_filter_radius\">\n            <option value=\"25\" >25 mi<\/option><option value=\"50\" >50 Meilen<\/option><option value=\"100\" >100 Meilen<\/option><option value=\"250\" selected=\"selected\">250 Meilen<\/option><option value=\" 350\" > 350 Meilen<\/option><option value=\" 500\" > 500 mi<\/option><option value=\" 1000\" > 1000 mi<\/option><option value=\" 1500\" > 1500 mi<\/option><option value=\"2000\" >2000 mi<\/option><option value=\" 2500\" > 2500 mi<\/option>            <\/select>\n        <\/div>\n\n        <\/div>                        <\/div>\n                    <\/div>\n                <\/div>\n            <\/div>\n        <\/div>\n        <\/div>            <\/div>\n\n        <\/div>\n\n        \n        \n        <div id=\"store_locator_main\" class=\"store_locator_main  store-locator-col-12 store-locator-col-sm-12 store-locator-col-md-12\">\n            <div id=\"store_locator_map\" style=\"height: 100%;\"><\/div>\n            <div id=\"store_locator_dragged_button\" class=\"btn button et_pb_button button-primary theme-button store_locator_dragged_button\">\n                In diesem Gebiet suchen            <\/div>\n        <\/div>\n\n                <div id=\"store_locator_sidebar\" class=\"store_locator_sidebar store-locator-col-12 store-locator-col-sm-12 store-locator-col-md-12 below\">\n            <div id=\"store_locator_sidebar_content\" class=\"store_locator_sidebar_content store-locator-row\">\n                    <div id=\"store_locator_result_list_box\" class=\"store_locator_result_list_box store-locator-col-12 store-locator-col-sm-12\">\n            <hr class=\"grey\">\n\n                            <div id=\"store_locator_result_open_close\" class=\"store_locator_result_open_close\">\n                    <div class=\"store_locator_result_list_title\">Ergebnisse<\/div>\n                    <i class=\"fas fa-chevron-up text-right\"><\/i>\n                <\/div>\n                        \n            <div id=\"store_locator_result_list\" class=\"store-locator-row\" style=\"display: flex;\">\n                \n            <\/div>\n        <\/div>\n                    <\/div>\n        <\/div>\n\n                    <\/div>\n            <button type=\"button\" id=\"store_modal_close\" class=\"store_modal_close\" data-dismiss=\"modal\" aria-label=\"Schlie\u00dfen Sie\"><span aria-hidden=\"true\">\u00d7<\/span><\/button>\n            <div id=\"store_locator_loading\" class=\"store_locator_loading store_locator_hidden\"><i class=\"fa-spin fa-3x\"><\/i><\/div>\n        <\/div>\n\n    \n\t<div class=\"wpb_text_column wpb_content_element\" >\n\t\t<div class=\"wpb_wrapper\">\n\t\t\t\n\n\t\t<\/div>\n\t<\/div>\n<\/div><\/div><\/div><\/div>\n\t<div class=\"wpb_text_column wpb_content_element\" >\n\t\t<div class=\"wpb_wrapper\">\n\t\t\t<p>Ab dem 1. Januar 2021 wird Gro\u00dfbritannien die EU und den Binnenmarkt verlassen.Wir bei Knox sch\u00e4tzen unsere europ\u00e4ischen Kunden sehr und m\u00f6chten den reibungslosen Ablauf Ihrer Bestellungen sicherstellen.Bitte lesen Sie diesen wichtigen Hinweis, bevor Sie eine Bestellung aufgeben.<\/p>\n<ul>\n<li>Wir versenden weiterhin mit unserem Kurierdienst UPS an alle europ\u00e4ischen Bestimmungsorte.Alle Bestellungen werden nachverfolgt und sind sicher.<\/li>\n<li>Die Versandkosten werden an der Kasse des Warenkorbs berechnet, sobald Sie Ihre Adresse eingegeben haben.<\/li>\n<li>Die Preise werden jetzt auf unserer Website angezeigt\u00a0<strong>ohne Mehrwertsteuer<\/strong>\u00a0wenn Sie au\u00dferhalb des Vereinigten K\u00f6nigreichs einkaufen.<\/li>\n<li>Alle Bestellungen werden unter DAP-Bedingungen versandt. Das bedeutet, dass Knox f\u00fcr den Export Ihrer Bestellung verantwortlich ist, Sie aber gebeten werden, die Mehrwertsteuer und den Zoll Ihres Landes zu zahlen, bevor die Waren an Sie geliefert werden.<\/li>\n<li>Bevor die Bestellung an Sie ausgeliefert wird, setzt sich UPS mit Ihnen in Verbindung, um Ihre lokale Mehrwertsteuer, eventuelle Einfuhrz\u00f6lle oder Geb\u00fchren zu erheben. Sie k\u00f6nnen diese auch online \u00fcber die Sendungsverfolgungsnummer Ihres Pakets bezahlen. Wenn Sie die Sendungsverfolgungsnummer auf der UPS Website eingeben, sollte die Option \"Jetzt bezahlen\" verf\u00fcgbar sein, sobald die Ware f\u00fcr die Auslieferung an Sie bereit ist.Sie werden von UPS, nicht von Knox, \u00fcber diese Geb\u00fchren informiert und m\u00fcssen diese bezahlen, um Ihre Bestellung zu erhalten.<\/li>\n<li>Alle Pakete, die von Kunden am Einreisehafen zur\u00fcckgewiesen werden, werden an Knox zur\u00fcckgeschickt und alle UPS-Geb\u00fchren werden von der Kundenerstattung abgezogen.<\/li>\n<\/ul>\n<p>Wir werden uns bem\u00fchen, die Bef\u00f6rderung nach Europa so reibungslos wie m\u00f6glich zu gestalten und werden alle Sendungen in den kommenden Monaten sorgf\u00e4ltig \u00fcberwachen, um zu sehen, ob Verbesserungen vorgenommen werden k\u00f6nnen.<\/p>\n\n\t\t<\/div>\n\t<\/div>\n\n\t<div class=\"wpb_text_column wpb_content_element\" >\n\t\t<div class=\"wpb_wrapper\">\n\t\t\t<p>L\u00e4nder, in denen UPS t\u00e4tig ist <strong>NICHT<\/strong> Versand an:<\/p>\n<ul>\n<li>Antarktis<\/li>\n<li>Bouvetinsel<\/li>\n<li>Cocos (Keeling) Inseln<\/li>\n<li>Kuba<\/li>\n<li>Weihnachtsinsel<\/li>\n<li>Westsahara<\/li>\n<li>Falklandinseln (Malwinen)<\/li>\n<li>\u00c4quatorial-Guinea<\/li>\n<li>S\u00fcdgeorgien &amp; S\u00fcdliche Sandwichinsel.<\/li>\n<li>Heard und McDonald Inseln<\/li>\n<li>Britisch-Indien Chagos<\/li>\n<li>Islamische Republik Iran<\/li>\n<li>Korea, Nord<\/li>\n<li>Libyen<\/li>\n<li>Midway<\/li>\n<li>Nauru<\/li>\n<li>Niue<\/li>\n<li>Karolinen<\/li>\n<li>St. Pierre und Miquelon<\/li>\n<li>Pitcairn<\/li>\n<li>Sudan<\/li>\n<li>Sankt Helena<\/li>\n<li>Somalia<\/li>\n<li>S\u00fcdsudan<\/li>\n<li>Sao Tome und Principe<\/li>\n<li>Syrische Arabische Republik<\/li>\n<li>Franz\u00f6sische S\u00fcd-Territorien<\/li>\n<li>Tadschikistan<\/li>\n<li>Tokelau<\/li>\n<li>Turkmenistan<\/li>\n<li>Wake Island<\/li>\n<li>Jemen<\/li>\n<li>Andorra<\/li>\n<li>Belize<\/li>\n<li>Zentralafrikanische Republik<\/li>\n<li>Cook Inseln<\/li>\n<li>F\u00f6derierte Staaten von Mikronesien<\/li>\n<li>F\u00e4r\u00f6er Inseln<\/li>\n<li>Franz\u00f6sisch-Guayana<\/li>\n<li>Gr\u00f6nland<\/li>\n<li>Irak<\/li>\n<li>Kiribati<\/li>\n<li>Marshallinseln<\/li>\n<li>Mali<\/li>\n<li>Malediven<\/li>\n<li>Norfolkinsel<\/li>\n<li>Papua-Neuguinea<\/li>\n<li>Palau<\/li>\n<li>Salomonen<\/li>\n<li>Chad<\/li>\n<li>Timor Leste<\/li>\n<li>Tonga<\/li>\n<li>Tuvalu<\/li>\n<li>Vanuatu<\/li>\n<li>Wallis und Futuna<\/li>\n<li>Mayotte<\/li>\n<\/ul>\n\n\t\t<\/div>\n\t<\/div>\n<\/div><\/div><\/div><\/div>\n<\/div>","protected":false},"excerpt":{"rendered":"Wir versenden fast \u00fcberall hin, per UPS. (Die Liste der L\u00e4nder, in die wir nicht versenden, finden Sie unten auf dieser Seite). Wenn Sie Ihr(e) Produkt(e) in den Warenkorb legen und dann zum Warenkorb gehen, k\u00f6nnen Sie \"Versand berechnen\" w\u00e4hlen, um ein Angebot zu erhalten. Knox auch...","protected":false},"author":1,"featured_media":0,"parent":0,"menu_order":0,"comment_status":"closed","ping_status":"closed","template":"","meta":{"_acf_changed":false,"inline_featured_image":false,"footnotes":""},"class_list":["post-141615","page","type-page","status-publish","hentry"],"acf":[],"aioseo_notices":[],"_links":{"self":[{"href":"https:\/\/www.planet-knox.com\/de\/wp-json\/wp\/v2\/pages\/141615","targetHints":{"allow":["GET"]}}],"collection":[{"href":"https:\/\/www.planet-knox.com\/de\/wp-json\/wp\/v2\/pages"}],"about":[{"href":"https:\/\/www.planet-knox.com\/de\/wp-json\/wp\/v2\/types\/page"}],"author":[{"embeddable":true,"href":"https:\/\/www.planet-knox.com\/de\/wp-json\/wp\/v2\/users\/1"}],"replies":[{"embeddable":true,"href":"https:\/\/www.planet-knox.com\/de\/wp-json\/wp\/v2\/comments?post=141615"}],"version-history":[{"count":0,"href":"https:\/\/www.planet-knox.com\/de\/wp-json\/wp\/v2\/pages\/141615\/revisions"}],"wp:attachment":[{"href":"https:\/\/www.planet-knox.com\/de\/wp-json\/wp\/v2\/media?parent=141615"}],"curies":[{"name":"wp","href":"https:\/\/api.w.org\/{rel}","templated":true}]}}