{"id":141393,"date":"2020-04-13T07:57:00","date_gmt":"2020-04-13T07:57:00","guid":{"rendered":"https:\/\/www.planet-knox.com\/?page_id=141393"},"modified":"2020-05-11T14:21:27","modified_gmt":"2020-05-11T14:21:27","slug":"faqs","status":"publish","type":"page","link":"https:\/\/www.planet-knox.com\/de\/faqs\/","title":{"rendered":"FAQs"},"content":{"rendered":"<div class=\"wpb-content-wrapper\"><div class=\"vc_row wpb_row vc_row-fluid gradient-container-1\"><div class=\"gradient-column-1 wpb_column vc_column_container vc_col-sm-12\"><div class=\"vc_column-inner\"><div class=\"wpb_wrapper\"><div class=\"norebro-heading-sc heading text-center\"\n\tid=\"norebro-custom-69f56cdda8548\" \n\t \n\t>\n\t\n\t\n\t\n\t<h3 class=\"title\">\n\t\tFragen zum Verkauf\t<\/h3>\n\n\t\n\t\t\t<p class=\"subtitle\">\n\t\t\tSollte eine Ihrer Fragen unten nicht beantwortet werden, nutzen Sie bitte unseren Live-Chat oder senden Sie uns eine E-Mail an <a href=\"mailto:sales@planet-knox.com\">sales@planet-knox.com<\/a>.\t\t<\/p>\n\t\t\n<\/div><div class=\"vc_empty_space\"   style=\"height: 64px\"><span class=\"vc_empty_space_inner\"><\/span><\/div><div class=\"norebro-accordion-s\u0441 accordion-box\" \n\tid=\"norebro-custom-69f56cdda871e\"\n\tdata-norebro-accordion=\"0\"\n\t \n\t>\n\n\t<div id=\"norebro-custom-69f56cdda8832\" class=\"item\">\n\t\n\t<div class=\"title\">\n\t\t\t\t<h4>Wie kann ich bezahlen?<\/h4>\n\t\t<div class=\"control\">\n\t\t\t<span class=\"ion-plus\"><\/span>\n\t\t<\/div>\n\t<\/div>\n\n\t<div class=\"content\">\n\t\t<div class=\"wrap\">\n\t\t\t<p>Wir akzeptieren Zahlungen mit allen g\u00e4ngigen Karten \u00fcber PayPal oder Pay360.<\/p>\n\t\t<\/div>\n\t<\/div>\n\n<\/div><div id=\"norebro-custom-69f56cdda8a8a\" class=\"item\">\n\t\n\t<div class=\"title\">\n\t\t\t\t<h4>Liefern Sie auch in mein Land?<\/h4>\n\t\t<div class=\"control\">\n\t\t\t<span class=\"ion-plus\"><\/span>\n\t\t<\/div>\n\t<\/div>\n\n\t<div class=\"content\">\n\t\t<div class=\"wrap\">\n\t\t\t<p>versendet fast \u00fcberall per UPS au\u00dferhalb von Gro\u00dfbritannien. Wenn Sie das\/die Produkt(e) in den Warenkorb legen und dann zum Warenkorb gehen, k\u00f6nnen Sie 'Versand berechnen' w\u00e4hlen, um ein Angebot zu erhalten.<\/p>\n<p>L\u00e4nder, in denen UPS t\u00e4tig ist <strong>NICHT<\/strong> Versand an:<\/p>\n<ul>\n<li>Antarktis<\/li>\n<li>Bouvetinsel<\/li>\n<li>Cocos (Keeling) Inseln<\/li>\n<li>Kuba<\/li>\n<li>Weihnachtsinsel<\/li>\n<li>Westsahara<\/li>\n<li>Falklandinseln (Malwinen)<\/li>\n<li>\u00c4quatorial-Guinea<\/li>\n<li>S\u00fcdgeorgien &amp; S\u00fcdliche Sandwichinsel.<\/li>\n<li>Heard und McDonald Inseln<\/li>\n<li>Britisch-Indien Chagos<\/li>\n<li>Islamische Republik Iran<\/li>\n<li>Korea, Nord<\/li>\n<li>Libyen<\/li>\n<li>Midway<\/li>\n<li>Nauru<\/li>\n<li>Niue<\/li>\n<li>Karolinen<\/li>\n<li>St. Pierre und Miquelon<\/li>\n<li>Pitcairn<\/li>\n<li>Sudan<\/li>\n<li>Sankt Helena<\/li>\n<li>Somalia<\/li>\n<li>S\u00fcdsudan<\/li>\n<li>Sao Tome und Principe<\/li>\n<li>Syrische Arabische Republik<\/li>\n<li>Franz\u00f6sische S\u00fcd-Territorien<\/li>\n<li>Tadschikistan<\/li>\n<li>Tokelau<\/li>\n<li>Turkmenistan<\/li>\n<li>Wake Island<\/li>\n<li>Jemen<\/li>\n<li>Andorra<\/li>\n<li>Belize<\/li>\n<li>Zentralafrikanische Republik<\/li>\n<li>Cook Inseln<\/li>\n<li>F\u00f6derierte Staaten von Mikronesien<\/li>\n<li>F\u00e4r\u00f6er Inseln<\/li>\n<li>Franz\u00f6sisch-Guayana<\/li>\n<li>Gr\u00f6nland<\/li>\n<li>Irak<\/li>\n<li>Kiribati<\/li>\n<li>Marshallinseln<\/li>\n<li>Mali<\/li>\n<li>Malediven<\/li>\n<li>Norfolkinsel<\/li>\n<li>Papua-Neuguinea<\/li>\n<li>Palau<\/li>\n<li>Salomonen<\/li>\n<li>Chad<\/li>\n<li>Timor Leste<\/li>\n<li>Tonga<\/li>\n<li>Tuvalu<\/li>\n<li>Vanuatu<\/li>\n<li>Wallis und Futuna<\/li>\n<li>Mayotte<\/li>\n<\/ul>\n\t\t<\/div>\n\t<\/div>\n\n<\/div><div id=\"norebro-custom-69f56cdda8b07\" class=\"item\">\n\t\n\t<div class=\"title\">\n\t\t\t\t<h4>Fallen f\u00fcr mich zus\u00e4tzliche Geb\u00fchren an?<\/h4>\n\t\t<div class=\"control\">\n\t\t\t<span class=\"ion-plus\"><\/span>\n\t\t<\/div>\n\t<\/div>\n\n\t<div class=\"content\">\n\t\t<div class=\"wrap\">\n\t\t\t<p>Bei Lieferungen au\u00dferhalb Europas fallen wahrscheinlich Einfuhrz\u00f6lle und m\u00f6glicherweise andere lokale Steuern an. Diese Geb\u00fchren liegen au\u00dferhalb unserer Kontrolle, da sie von Ihrer Regierung festgelegt werden und sich \u00e4ndern k\u00f6nnen.<\/p>\n\t\t<\/div>\n\t<\/div>\n\n<\/div><div id=\"norebro-custom-69f56cdda8b75\" class=\"item\">\n\t\n\t<div class=\"title\">\n\t\t\t\t<h4>Wenn ich ein Produkt zur\u00fcckgeben muss, muss ich dann die R\u00fccksendekosten bezahlen?<\/h4>\n\t\t<div class=\"control\">\n\t\t\t<span class=\"ion-plus\"><\/span>\n\t\t<\/div>\n\t<\/div>\n\n\t<div class=\"content\">\n\t\t<div class=\"wrap\">\n\t\t\t<p>Sofern das Produkt nicht fehlerhaft ist oder wir Ihnen das falsche Produkt geschickt haben, m\u00fcssen Sie die Kosten f\u00fcr die R\u00fccksendung tragen.<\/p>\n\t\t<\/div>\n\t<\/div>\n\n<\/div><div id=\"norebro-custom-69f56cdda8be0\" class=\"item\">\n\t\n\t<div class=\"title\">\n\t\t\t\t<h4>Ist Ihre Website sicher?<\/h4>\n\t\t<div class=\"control\">\n\t\t\t<span class=\"ion-plus\"><\/span>\n\t\t<\/div>\n\t<\/div>\n\n\t<div class=\"content\">\n\t\t<div class=\"wrap\">\n\t\t\t<p>Diese Website verwendet die SSL-Technologie und l\u00e4uft \u00fcber HTTPS. Dadurch wird sichergestellt, dass die Daten zwischen uns und Ihnen verschl\u00fcsselt, authentifiziert und gesichert sind. Alle Zahlungen werden \u00fcber unsere Drittanbieter-Zahlungsgateways (PayPal &amp; Pay360) abgewickelt, die mit dem PCI-DSS, dem Payment Card Industry Data Security Standard, konform sind.<\/p>\n\t\t<\/div>\n\t<\/div>\n\n<\/div><div id=\"norebro-custom-69f56cdda8c51\" class=\"item\">\n\t\n\t<div class=\"title\">\n\t\t\t\t<h4>Kann ich ein Produkt auf Finanzierung erhalten?<\/h4>\n\t\t<div class=\"control\">\n\t\t\t<span class=\"ion-plus\"><\/span>\n\t\t<\/div>\n\t<\/div>\n\n\t<div class=\"content\">\n\t\t<div class=\"wrap\">\n\t\t\t<p>Die Finanzierung ist \u00fcber PayPal mit dem PayPal Credit Service m\u00f6glich. Sie k\u00f6nnen diesen Service gerne \u00fcberpr\u00fcfen <a href=\"https:\/\/www.paypal.com\/uk\/webapps\/mpp\/paypal-virtual-credit\" target=\"_blank\" rel=\"noopener noreferrer\">HIER<\/a>. Dieser Service ist kein Bestandteil von Knox und wir k\u00f6nnen Ihnen nicht bei der Beantragung oder der Durchf\u00fchrung von Zahlungen \u00fcber diesen Service helfen.<\/p>\n\t\t<\/div>\n\t<\/div>\n\n<\/div>\t\n<\/div><\/div><\/div><\/div><\/div><div class=\"vc_row wpb_row vc_row-fluid gradient-container-2\"><div class=\"gradient-column-2 wpb_column vc_column_container vc_col-sm-12\"><div class=\"vc_column-inner\"><div class=\"wpb_wrapper\"><div class=\"vc_empty_space\"   style=\"height: 64px\"><span class=\"vc_empty_space_inner\"><\/span><\/div><div class=\"norebro-heading-sc heading text-center\"\n\tid=\"norebro-custom-69f56cdda91f7\" \n\t \n\t>\n\t\n\t\n\t\n\t<h3 class=\"title\">\n\t\tFragen zum Produkt\t<\/h3>\n\n\t\n\t\t\t<p class=\"subtitle\">\n\t\t\t\t\t<\/p>\n\t\t\n<\/div><div class=\"vc_empty_space\"   style=\"height: 64px\"><span class=\"vc_empty_space_inner\"><\/span><\/div><div class=\"norebro-accordion-s\u0441 accordion-box\" \n\tid=\"norebro-custom-69f56cdda930f\"\n\tdata-norebro-accordion=\"0\"\n\t \n\t>\n\n\t<div id=\"norebro-custom-69f56cdda93cd\" class=\"item\">\n\t\n\t<div class=\"title\">\n\t\t\t\t<h4>Wo kann ich kaufen?<\/h4>\n\t\t<div class=\"control\">\n\t\t\t<span class=\"ion-plus\"><\/span>\n\t\t<\/div>\n\t<\/div>\n\n\t<div class=\"content\">\n\t\t<div class=\"wrap\">\n\t\t\t<p>Wenn es in Ihrem Wohnort keinen H\u00e4ndler gibt, der auf\u00a0<a href=\"https:\/\/www.planet-knox.com\/de\/store-locator\/\" target=\"_blank\" rel=\"noopener noreferrer\"><strong>unser Filialfinder<\/strong><\/a> k\u00f6nnen Sie \u00fcber unsere Website f\u00fcr eine weltweite Lieferung bestellen.<\/p>\n\t\t<\/div>\n\t<\/div>\n\n<\/div><div id=\"1589203719470-dacd3bb7-5bef\" class=\"item\">\n\t\n\t<div class=\"title\">\n\t\t\t\t<h4>Wie messe ich f\u00fcr einen R\u00fcckenprotektor?<\/h4>\n\t\t<div class=\"control\">\n\t\t\t<span class=\"ion-plus\"><\/span>\n\t\t<\/div>\n\t<\/div>\n\n\t<div class=\"content\">\n\t\t<div class=\"wrap\">\n\t\t\t<p><strong><a href=\"https:\/\/web.archive.org\/web\/20180526211916\/https:\/\/www.planet-knox.com\/assets\/downloads\/KnoxMeasuringGuide.pdf\" target=\"_blank\" rel=\"noopener noreferrer\">Download einer Messanleitung<\/a><\/strong>. Der Nacken ist die Stelle, an der der Hals in die Wirbels\u00e4ule \u00fcbergeht. Die schmale Taille befindet sich an der Stelle, an der sich der R\u00fccken am st\u00e4rksten nach innen w\u00f6lbt, fast genau gegen\u00fcber dem Nabel. Beachten Sie dann die Gr\u00f6\u00dfenangaben auf dem jeweiligen Produkt.<\/p>\n\t\t<\/div>\n\t<\/div>\n\n<\/div><div id=\"norebro-custom-69f56cdda94f6\" class=\"item\">\n\t\n\t<div class=\"title\">\n\t\t\t\t<h4>Was ist der Unterschied zwischen dem Urbane Pro und dem Zephyr Jacket?<\/h4>\n\t\t<div class=\"control\">\n\t\t\t<span class=\"ion-plus\"><\/span>\n\t\t<\/div>\n\t<\/div>\n\n\t<div class=\"content\">\n\t\t<div class=\"wrap\">\n\t\t\t<p><b>Infos einf\u00fcgen<\/b><\/p>\n\t\t<\/div>\n\t<\/div>\n\n<\/div><div id=\"norebro-custom-69f56cdda9585\" class=\"item\">\n\t\n\t<div class=\"title\">\n\t\t\t\t<h4>K\u00f6nnen Sie das Urbane Pro auch alleine tragen?<\/h4>\n\t\t<div class=\"control\">\n\t\t\t<span class=\"ion-plus\"><\/span>\n\t\t<\/div>\n\t<\/div>\n\n\t<div class=\"content\">\n\t\t<div class=\"wrap\">\n\t\t\t<p><b>Infos einf\u00fcgen<\/b><\/p>\n\t\t<\/div>\n\t<\/div>\n\n<\/div><div id=\"norebro-custom-69f56cdda95fa\" class=\"item\">\n\t\n\t<div class=\"title\">\n\t\t\t\t<h4>Wie abriebfest ist das Produkt X?<\/h4>\n\t\t<div class=\"control\">\n\t\t\t<span class=\"ion-plus\"><\/span>\n\t\t<\/div>\n\t<\/div>\n\n\t<div class=\"content\">\n\t\t<div class=\"wrap\">\n\t\t\t<p><b>Infos einf\u00fcgen<\/b><\/p>\n\t\t<\/div>\n\t<\/div>\n\n<\/div><div id=\"norebro-custom-69f56cdda966f\" class=\"item\">\n\t\n\t<div class=\"title\">\n\t\t\t\t<h4>Wie kann ich den Knieschutz Ihrer Jeans einstellen?<\/h4>\n\t\t<div class=\"control\">\n\t\t\t<span class=\"ion-plus\"><\/span>\n\t\t<\/div>\n\t<\/div>\n\n\t<div class=\"content\">\n\t\t<div class=\"wrap\">\n\t\t\t<p>Es ist m\u00f6glich, die Kniepanzerung zu senken, indem Sie die Panzertasche anpassen. Bitte\u00a0<strong><a href=\"mailto:sales@planet-knox.com\" target=\"_blank\" rel=\"noopener noreferrer\">E-Mail<\/a><\/strong>\u00a0f\u00fcr Ratschl\u00e4ge zu diesem Thema<\/p>\n\t\t<\/div>\n\t<\/div>\n\n<\/div><div id=\"norebro-custom-69f56cdda96e3\" class=\"item\">\n\t\n\t<div class=\"title\">\n\t\t\t\t<h4>Wie messe ich meine H\u00e4nde f\u00fcr Ihre Handschuhe?<\/h4>\n\t\t<div class=\"control\">\n\t\t\t<span class=\"ion-plus\"><\/span>\n\t\t<\/div>\n\t<\/div>\n\n\t<div class=\"content\">\n\t\t<div class=\"wrap\">\n\t\t\t<p><a href=\"https:\/\/www.planet-knox.com\/de\/assets\/downloads\/glovemeasure.png\/\" target=\"_blank\" rel=\"noopener noreferrer\"><strong>Lesen Sie unseren Leitfaden!<\/strong><\/a><\/p>\n\t\t<\/div>\n\t<\/div>\n\n<\/div><div id=\"norebro-custom-69f56cdda974b\" class=\"item\">\n\t\n\t<div class=\"title\">\n\t\t\t\t<h4>Ich habe die Aerofoils meines Handroids verloren. Kann ich einen Ersatz bekommen?<\/h4>\n\t\t<div class=\"control\">\n\t\t\t<span class=\"ion-plus\"><\/span>\n\t\t<\/div>\n\t<\/div>\n\n\t<div class=\"content\">\n\t\t<div class=\"wrap\">\n\t\t\t<p>Schicken Sie uns eine E-Mail und wir organisieren Ihnen gerne einen kostenlosen Satz Ersatztragfl\u00e4chen!<\/p>\n\t\t<\/div>\n\t<\/div>\n\n<\/div><div id=\"1589205099446-7803fd4d-56ca\" class=\"item\">\n\t\n\t<div class=\"title\">\n\t\t\t\t<h4>Wie messe ich meine H\u00e4nde f\u00fcr Ihre Handschuhe?<\/h4>\n\t\t<div class=\"control\">\n\t\t\t<span class=\"ion-plus\"><\/span>\n\t\t<\/div>\n\t<\/div>\n\n\t<div class=\"content\">\n\t\t<div class=\"wrap\">\n\t\t\t<p>Schicken Sie uns eine E-Mail und wir organisieren Ihnen gerne einen kostenlosen Satz Ersatztragfl\u00e4chen!<\/p>\n\t\t<\/div>\n\t<\/div>\n\n<\/div><div id=\"norebro-custom-69f56cdda9815\" class=\"item\">\n\t\n\t<div class=\"title\">\n\t\t\t\t<h4>Was ist das BOA-Befestigungssystem?<\/h4>\n\t\t<div class=\"control\">\n\t\t\t<span class=\"ion-plus\"><\/span>\n\t\t<\/div>\n\t<\/div>\n\n\t<div class=\"content\">\n\t\t<div class=\"wrap\">\n\t\t\t<p>Es handelt sich um einen patentierten, zuverl\u00e4ssigen Spanner aus beschichtetem Stahl, mit dem Sie Knox-Handschuhe extrem sicher befestigen k\u00f6nnen. Er wird mit einer lebenslangen Garantie des Herstellers geliefert.<\/p>\n\t\t<\/div>\n\t<\/div>\n\n<\/div><div id=\"norebro-custom-69f56cdda987c\" class=\"item\">\n\t\n\t<div class=\"title\">\n\t\t\t\t<h4>Was ist der Unterschied zwischen Micro-Lock und (Mitbewerber)?<\/h4>\n\t\t<div class=\"control\">\n\t\t\t<span class=\"ion-plus\"><\/span>\n\t\t<\/div>\n\t<\/div>\n\n\t<div class=\"content\">\n\t\t<div class=\"wrap\">\n\t\t\t<p>Micro-Lock ist superweich, flexibel und, was besonders wichtig ist, temperaturstabil in allen Klimazonen. Unabh\u00e4ngig vom Klima oder der Umgebung k\u00f6nnen Sie sich also darauf verlassen, dass es St\u00f6\u00dfe genauso gut absorbiert wie bei Umgebungstemperatur.<\/p>\n\t\t<\/div>\n\t<\/div>\n\n<\/div><div id=\"norebro-custom-69f56cdda98df\" class=\"item\">\n\t\n\t<div class=\"title\">\n\t\t\t\t<h4>Was bedeutet Dual-Fit?<\/h4>\n\t\t<div class=\"control\">\n\t\t\t<span class=\"ion-plus\"><\/span>\n\t\t<\/div>\n\t<\/div>\n\n\t<div class=\"content\">\n\t\t<div class=\"wrap\">\n\t\t\t<p>Alle unsere Oberbekleidungsjacken haben ein einzigartiges Passformsystem, d.h. Sie k\u00f6nnen eine Gr\u00f6\u00dfe nach oben oder unten angepasst werden, um gepanzerte Hemden und\/oder Lagen zu tragen, oder um sie leger zu tragen.<\/p>\n\t\t<\/div>\n\t<\/div>\n\n<\/div><div id=\"norebro-custom-69f56cdda9953\" class=\"item\">\n\t\n\t<div class=\"title\">\n\t\t\t\t<h4>Was bedeutet CE-zertifiziert?<\/h4>\n\t\t<div class=\"control\">\n\t\t\t<span class=\"ion-plus\"><\/span>\n\t\t<\/div>\n\t<\/div>\n\n\t<div class=\"content\">\n\t\t<div class=\"wrap\">\n\t\t\t<p>Das bedeutet, dass das Produkt von einer dritten, staatlich anerkannten Pr\u00fcfstelle getestet wurde und ein Zertifikat besitzt, das best\u00e4tigt, dass es die PSA-Richtlinie und die entsprechende Norm erf\u00fcllt.<\/p>\n\t\t<\/div>\n\t<\/div>\n\n<\/div><div id=\"norebro-custom-69f56cdda99ba\" class=\"item\">\n\t\n\t<div class=\"title\">\n\t\t\t\t<h4>Was sind die verschiedenen Stufen von CE und Standards?<\/h4>\n\t\t<div class=\"control\">\n\t\t\t<span class=\"ion-plus\"><\/span>\n\t\t<\/div>\n\t<\/div>\n\n\t<div class=\"content\">\n\t\t<div class=\"wrap\">\n\t\t\t<p>Infos einf\u00fcgen<\/p>\n\t\t<\/div>\n\t<\/div>\n\n<\/div><div id=\"norebro-custom-69f56cdda9a27\" class=\"item\">\n\t\n\t<div class=\"title\">\n\t\t\t\t<h4>Warum sind Ihre Jacken nicht gepanzert?<\/h4>\n\t\t<div class=\"control\">\n\t\t\t<span class=\"ion-plus\"><\/span>\n\t\t<\/div>\n\t<\/div>\n\n\t<div class=\"content\">\n\t\t<div class=\"wrap\">\n\t\t\t<p>Knox believe that armour worn directly on the body in a comfortable way is much more secure, so safer, than loose in a jacket. Just like having a helmet fitted, wear it close to the body for safety. Our jackets are just as good when worn off the bike, so once the armour layer is removed, the jacket can be sized down for a perfect fit  &#8211;  no saggy armour pockets!<\/p>\n\t\t<\/div>\n\t<\/div>\n\n<\/div><div id=\"norebro-custom-69f56cdda9a8d\" class=\"item\">\n\t\n\t<div class=\"title\">\n\t\t\t\t<h4>Kann ich das Produkt zur\u00fcckgeben, wenn ich eine andere Gr\u00f6\u00dfe brauche oder es mir nicht gef\u00e4llt?<\/h4>\n\t\t<div class=\"control\">\n\t\t\t<span class=\"ion-plus\"><\/span>\n\t\t<\/div>\n\t<\/div>\n\n\t<div class=\"content\">\n\t\t<div class=\"wrap\">\n\t\t\t<p>Ja, im Rahmen unserer 30-t\u00e4gigen R\u00fcckgabegarantie tauschen wir Produkte gerne um, solange sie nur anprobiert wurden und sich in einem wiederverkaufsf\u00e4higen Zustand befinden.<\/p>\n\t\t<\/div>\n\t<\/div>\n\n<\/div>\t\n<\/div><\/div><\/div><\/div><\/div><div class=\"vc_row wpb_row vc_row-fluid gradient-container-3\"><div class=\"gradient-column-3 wpb_column vc_column_container vc_col-sm-12\"><div class=\"vc_column-inner\"><div class=\"wpb_wrapper\"><div class=\"vc_empty_space\"   style=\"height: 64px\"><span class=\"vc_empty_space_inner\"><\/span><\/div><div class=\"norebro-heading-sc heading text-center\"\n\tid=\"norebro-custom-69f56cddaa096\" \n\t \n\t>\n\t\n\t\n\t\n\t<h3 class=\"title\">\n\t\tFragen zur Garantie\t<\/h3>\n\n\t\n\t\t\t<p class=\"subtitle\">\n\t\t\t\t\t<\/p>\n\t\t\n<\/div><div class=\"vc_empty_space\"   style=\"height: 64px\"><span class=\"vc_empty_space_inner\"><\/span><\/div><div class=\"norebro-accordion-s\u0441 accordion-box\" \n\tid=\"norebro-custom-69f56cddaa1b7\"\n\tdata-norebro-accordion=\"0\"\n\t \n\t>\n\n\t<div id=\"norebro-custom-69f56cddaa266\" class=\"item\">\n\t\n\t<div class=\"title\">\n\t\t\t\t<h4>Kann ich das Produkt zur\u00fcckgeben, wenn ich eine andere Gr\u00f6\u00dfe brauche oder es mir nicht gef\u00e4llt?<\/h4>\n\t\t<div class=\"control\">\n\t\t\t<span class=\"ion-plus\"><\/span>\n\t\t<\/div>\n\t<\/div>\n\n\t<div class=\"content\">\n\t\t<div class=\"wrap\">\n\t\t\t<p>Ja, im Rahmen unserer 30-t\u00e4gigen R\u00fcckgabegarantie tauschen wir Produkte gerne um, solange das Produkt nur anprobiert wurde und sich in einem wiederverkaufsf\u00e4higen Zustand befindet.<\/p>\n\t\t<\/div>\n\t<\/div>\n\n<\/div><div id=\"norebro-custom-69f56cddaa2ec\" class=\"item\">\n\t\n\t<div class=\"title\">\n\t\t\t\t<h4>Wie kann ich ein Produkt an Knox zur\u00fcckgeben?<\/h4>\n\t\t<div class=\"control\">\n\t\t\t<span class=\"ion-plus\"><\/span>\n\t\t<\/div>\n\t<\/div>\n\n\t<div class=\"content\">\n\t\t<div class=\"wrap\">\n\t\t\t<p>Bitte mailen Sie uns an\u00a0<strong><a href=\"mailto:sales@planet-knox.com\">sales@planet-knox.com<\/a>\u00a0<\/strong>und wir senden Ihnen unser R\u00fccksendeformular und Anweisungen<\/p>\n\t\t<\/div>\n\t<\/div>\n\n<\/div><div id=\"norebro-custom-69f56cddaa37c\" class=\"item\">\n\t\n\t<div class=\"title\">\n\t\t\t\t<h4>Wie lange ist meine Garantie g\u00fcltig?<\/h4>\n\t\t<div class=\"control\">\n\t\t\t<span class=\"ion-plus\"><\/span>\n\t\t<\/div>\n\t<\/div>\n\n\t<div class=\"content\">\n\t\t<div class=\"wrap\">\n\t\t\t<ul>\n<li>Auf alle Knox-Produkte gew\u00e4hren wir eine 12-monatige Garantie auf Fehler.<\/li>\n<li>Das Boa-Schn\u00fcrsystem unserer Handschuhe hat eine lebenslange Garantie.<\/li>\n<li>Die Micro-Lock-Panzerung hat eine Garantie von 5 Jahren.<\/li>\n<\/ul>\n\t\t<\/div>\n\t<\/div>\n\n<\/div><div id=\"norebro-custom-69f56cddaa413\" class=\"item\">\n\t\n\t<div class=\"title\">\n\t\t\t\t<h4>Wo kann ich meine Garantie registrieren?<\/h4>\n\t\t<div class=\"control\">\n\t\t\t<span class=\"ion-plus\"><\/span>\n\t\t<\/div>\n\t<\/div>\n\n\t<div class=\"content\">\n\t\t<div class=\"wrap\">\n\t\t\t<p>Verwenden Sie unser\u00a0<strong><a href=\"http:\/\/www.planet-knox.com\/de\/reg\/\">Produktregistrierungsformular<\/a><\/strong><\/p>\n<p>Wenn Sie Ihr Produkt direkt bei Knox gekauft haben, gibt es <strong>Das ist nicht n\u00f6tig<\/strong>.<\/p>\n\t\t<\/div>\n\t<\/div>\n\n<\/div>\t\n<\/div><\/div><\/div><\/div><\/div>\n<\/div>","protected":false},"excerpt":{"rendered":"Sales Questions If any of your questions are not answered below please feel free to use our live chat service or email us at sales@planet-knox.com. How do I pay? We accept payment via all major cards via PayPal or Pay360 payment gateways. Do you ship...","protected":false},"author":1,"featured_media":0,"parent":0,"menu_order":0,"comment_status":"closed","ping_status":"closed","template":"","meta":{"_acf_changed":false,"inline_featured_image":false,"footnotes":""},"class_list":["post-141393","page","type-page","status-publish","hentry"],"acf":[],"aioseo_notices":[],"_links":{"self":[{"href":"https:\/\/www.planet-knox.com\/de\/wp-json\/wp\/v2\/pages\/141393","targetHints":{"allow":["GET"]}}],"collection":[{"href":"https:\/\/www.planet-knox.com\/de\/wp-json\/wp\/v2\/pages"}],"about":[{"href":"https:\/\/www.planet-knox.com\/de\/wp-json\/wp\/v2\/types\/page"}],"author":[{"embeddable":true,"href":"https:\/\/www.planet-knox.com\/de\/wp-json\/wp\/v2\/users\/1"}],"replies":[{"embeddable":true,"href":"https:\/\/www.planet-knox.com\/de\/wp-json\/wp\/v2\/comments?post=141393"}],"version-history":[{"count":0,"href":"https:\/\/www.planet-knox.com\/de\/wp-json\/wp\/v2\/pages\/141393\/revisions"}],"wp:attachment":[{"href":"https:\/\/www.planet-knox.com\/de\/wp-json\/wp\/v2\/media?parent=141393"}],"curies":[{"name":"wp","href":"https:\/\/api.w.org\/{rel}","templated":true}]}}