{"id":703,"date":"2011-05-20T18:51:43","date_gmt":"2011-05-21T01:51:43","guid":{"rendered":"http:\/\/wpthemetestdata.wordpress.com\/?page_id=703"},"modified":"2025-01-10T15:29:18","modified_gmt":"2025-01-10T15:29:18","slug":"blog","status":"publish","type":"page","link":"https:\/\/www.planet-knox.com\/da\/blog\/","title":{"rendered":"Blog"},"content":{"rendered":"<div class=\"wpb-content-wrapper\"><div class=\"vc_row wpb_row vc_row-fluid gradient-container-1\"><div class=\"gradient-column-1 wpb_column vc_column_container vc_col-sm-12\"><div class=\"vc_column-inner\"><div class=\"wpb_wrapper\"><div class=\"norebro-heading-sc heading text-center\"\n\tid=\"norebro-custom-69e3486a7b1db\" \n\t \n\t>\n\t\n\t\n\t\n\t<h3 class=\"title\">\n\t\tKnox p\u00e5 de sociale medier\t<\/h3>\n\n\t\n\t\t\t<p class=\"subtitle\">\n\t\t\tF\u00f8lg os for at f\u00e5 de seneste nyheder, videoer, tilbud og produktudgivelser\t\t<\/p>\n\t\t\n<\/div>\n\t<div class=\"wpb_raw_code wpb_raw_html wpb_content_element\" >\n\t\t<div class=\"wpb_wrapper\">\n\t\t\t<div class=\"blogsocial\"><ul class=\"menu-other\">\n\n\t\t\n\t\t\t\t\n\t\n\t\t<li class=\"social\">\n\t\t\t\t\t\t\t\t<a href=\"https:\/\/www.facebook.com\/knoxarmour\" class=\"facebook\" target=\"_blank\"><i class=\"fa-facebook\"><\/i><\/a>\t\t\t\t\t\t\t\t<a href=\"https:\/\/www.instagram.com\/knoxarmour\" class=\"instagram\" target=\"_blank\"><i class=\"fa-instagram\"><\/i><\/a>\t\t\t\t\t\t\t\t<a href=\"https:\/\/www.twitter.com\/knoxarmour\" class=\"twitter\" target=\"_blank\"><i class=\"fa-twitter\"><\/i><\/a>\t\t\t\t\t\t\t\t<a href=\"https:\/\/www.youtube.com\/knoxarmour?sub_confirm=1\" class=\"youtube\" target=\"_blank\"><i class=\"fa-youtube\"><\/i><\/a>\t\t\t<\/li>\n\t<\/ul><\/div>\n\t\t<\/div>\n\t<\/div>\n<\/div><\/div><\/div><\/div><div class=\"vc_row wpb_row vc_row-fluid gradient-container-2\"><div class=\"gradient-column-2 wpb_column vc_column_container vc_col-sm-12\"><div class=\"vc_column-inner\"><div class=\"wpb_wrapper\"><div class=\"norebro-heading-sc heading text-center\"\n\tid=\"norebro-custom-69e3486a7b9eb\" \n\t \n\t>\n\t\n\t\n\t\n\t<h3 class=\"title\">\n\t\tKnox blogindl\u00e6g\t<\/h3>\n\n\t\n\t\t\t<p class=\"subtitle\">\n\t\t\t\t\t<\/p>\n\t\t\n<\/div><div class=\"vc_empty_space\"   style=\"height: 32px\"><span class=\"vc_empty_space_inner\"><\/span><\/div><\/div><\/div><\/div><\/div><div class=\"vc_row wpb_row vc_row-fluid gradient-container-3\"><div class=\"gradient-column-3 wpb_column vc_column_container vc_col-sm-12\"><div class=\"vc_column-inner\"><div class=\"wpb_wrapper\"><div class=\"norebro-recent-posts-sc vc_row blog-posts-masonry\" \n\tid=\"norebro-custom-69e3486a85ecd\"\n\t \n\t>\n\n\t<div class=\"norebro-masonry\" data-lazy-container=\"posts\"><div class=\"vc_col-lg-6 vc_col-md-6 vc_col-sm-12 vc_col-xs-12 blog-post-masonry masonry-block post-offset norebro-card-wrapper grid-item\" data-lazy-item=\"\" data-lazy-scope=\"posts\"><div class=\"blog-grid grid-1 boxed\"  data-aos-once=\"&quot;true&quot;\" data-aos=\"&quot;fade-up&quot;\">\n\n\t<header>\n\t\t\t\t<a href=\"https:\/\/www.planet-knox.com\/da\/5-takeaways-from-my-first-hard-enduro-event\/\">\n\t\t\t<img decoding=\"async\" src=\"https:\/\/www.planet-knox.com\/wp-content\/uploads\/2025\/06\/C8982.00_39_47_22.Still007-scaled.jpg\" alt=\"5 Takeaways from my first hard enduro event\">\n\t\t<\/a>\n\t\t\n\t\t\t\t<div class=\"tags\">\n\t\t\t\t\t\t\t<a class=\"tag brand-bg-color brand-border-color\" href=\"https:\/\/www.planet-knox.com\/da\/news\/gear-reviews\/\">\n\t\t\t\t\tAnmeldelser af udstyr\t\t\t\t<\/a>\n\t\t\t\t\t\t\t<a class=\"tag brand-bg-color brand-border-color\" href=\"https:\/\/www.planet-knox.com\/da\/news\/knox\/\">\n\t\t\t\t\tKnox\t\t\t\t<\/a>\n\t\t\t\t\t<\/div>\n\t\t\t<\/header>\n\n\t<div class=\"content\">\n\t\t<h3>\n\t\t\t\t\t\t<a href=\"https:\/\/www.planet-knox.com\/da\/5-takeaways-from-my-first-hard-enduro-event\/\">\n\t\t\t\t5 Takeaways from my first hard enduro event\t\t\t<\/a>\n\t\t<\/h3>\n\t\t\n\t\t<p>Riding Hard Enduro has become an important part of the development work we do at KNOX. It\u2019s an environment where we can really push ourselves, the bikes and our&hellip;<\/p>\n\t<\/div>\n\n\t<footer>\n\t\t\t\t<span class=\"author\">KNOX<\/span>\n\t\t<strong>-<\/strong>\n\t\t\t\t\t\t<span class=\"data\">juni 10, 2025<\/span>\n\t\t\t<\/footer>\n\n<\/div>\n<div class=\"clear\"><\/div><\/div><div class=\"vc_col-lg-6 vc_col-md-6 vc_col-sm-12 vc_col-xs-12 blog-post-masonry masonry-block post-offset norebro-card-wrapper grid-item\" data-lazy-item=\"\" data-lazy-scope=\"posts\"><div class=\"blog-grid grid-1 boxed\"  data-aos-once=\"&quot;true&quot;\" data-aos=\"&quot;fade-up&quot;\">\n\n\t<header>\n\t\t\t\t<a href=\"https:\/\/www.planet-knox.com\/da\/desert-riding-gear\/\">\n\t\t\t<img decoding=\"async\" src=\"https:\/\/www.planet-knox.com\/wp-content\/uploads\/2025\/04\/2025_YAM_Tenere_PRESS_EU_250407_5689TB_71-scaled.jpg\" alt=\"Desert Riding Gear\">\n\t\t<\/a>\n\t\t\n\t\t\t\t<div class=\"tags\">\n\t\t\t\t\t\t\t<a class=\"tag brand-bg-color brand-border-color\" href=\"https:\/\/www.planet-knox.com\/da\/news\/gear-reviews\/\">\n\t\t\t\t\tAnmeldelser af udstyr\t\t\t\t<\/a>\n\t\t\t\t\t<\/div>\n\t\t\t<\/header>\n\n\t<div class=\"content\">\n\t\t<h3>\n\t\t\t\t\t\t<a href=\"https:\/\/www.planet-knox.com\/da\/desert-riding-gear\/\">\n\t\t\t\tUdstyr til \u00f8rkenridning\t\t\t<\/a>\n\t\t<\/h3>\n\t\t\n\t\t<p>Efter for nylig at have v\u00e6ret i den marokkanske Agafay-\u00f8rken for at pr\u00f8ve den nyeste Tenere 700, var det det perfekte milj\u00f8 til at teste de nyeste produkter fra Knox.<\/p>\n\t<\/div>\n\n\t<footer>\n\t\t\t\t<span class=\"author\">KNOX<\/span>\n\t\t<strong>-<\/strong>\n\t\t\t\t\t\t<span class=\"data\">27. maj 2025<\/span>\n\t\t\t<\/footer>\n\n<\/div>\n<div class=\"clear\"><\/div><\/div><div class=\"vc_col-lg-6 vc_col-md-6 vc_col-sm-12 vc_col-xs-12 blog-post-masonry masonry-block post-offset norebro-card-wrapper grid-item\" data-lazy-item=\"\" data-lazy-scope=\"posts\"><div class=\"blog-grid grid-1 boxed\"  data-aos-once=\"&quot;true&quot;\" data-aos=\"&quot;fade-up&quot;\">\n\n\t<header>\n\t\t\t\t<a href=\"https:\/\/www.planet-knox.com\/da\/2025-yamaha-tenere-700-and-700-rally\/\">\n\t\t\t<img decoding=\"async\" src=\"https:\/\/www.planet-knox.com\/wp-content\/uploads\/2025\/04\/2025_YAM_Tenere_PRESS_EU_250407_6076TB_71-scaled.jpg\" alt=\"2025 Yamaha T\u00e9n\u00e9r\u00e9 700 and T\u00e9n\u00e9r\u00e9 700 Rally  | Review from KNOX\">\n\t\t<\/a>\n\t\t\n\t\t\t\t<div class=\"tags\">\n\t\t\t\t\t\t\t<a class=\"tag brand-bg-color brand-border-color\" href=\"https:\/\/www.planet-knox.com\/da\/news\/bike-reviews\/\">\n\t\t\t\t\tAnmeldelser af cykler\t\t\t\t<\/a>\n\t\t\t\t\t<\/div>\n\t\t\t<\/header>\n\n\t<div class=\"content\">\n\t\t<h3>\n\t\t\t\t\t\t<a href=\"https:\/\/www.planet-knox.com\/da\/2025-yamaha-tenere-700-and-700-rally\/\">\n\t\t\t\t2025 Yamaha T\u00e9n\u00e9r\u00e9 700 og T\u00e9n\u00e9r\u00e9 700 Rally | Anmeldelse fra KNOX\t\t\t<\/a>\n\t\t<\/h3>\n\t\t\n\t\t<p>Positioneret som robust, p\u00e5lidelig og h\u00e5rdf\u00f8r, og med en bred brugerappel af kommende rally-offroad-entusiaster, globetrottere og pendlere, har Yamaha en stor interesse...<\/p>\n\t<\/div>\n\n\t<footer>\n\t\t\t\t<span class=\"author\">Knox<\/span>\n\t\t<strong>-<\/strong>\n\t\t\t\t\t\t<span class=\"data\">28. april 2025<\/span>\n\t\t\t<\/footer>\n\n<\/div>\n<div class=\"clear\"><\/div><\/div><div class=\"vc_col-lg-6 vc_col-md-6 vc_col-sm-12 vc_col-xs-12 blog-post-masonry masonry-block post-offset norebro-card-wrapper grid-item\" data-lazy-item=\"\" data-lazy-scope=\"posts\"><div class=\"blog-grid grid-1 boxed\"  data-aos-once=\"&quot;true&quot;\" data-aos=\"&quot;fade-up&quot;\">\n\n\t<header>\n\t\t\t\t<a href=\"https:\/\/www.planet-knox.com\/da\/i-would-have-lost-my-hand\/\">\n\t\t\t<img decoding=\"async\" src=\"https:\/\/www.planet-knox.com\/wp-content\/uploads\/2025\/02\/review.jpg\" alt=\"I would have lost my hand!\">\n\t\t<\/a>\n\t\t\n\t\t\t\t<div class=\"tags\">\n\t\t\t\t\t\t\t<a class=\"tag brand-bg-color brand-border-color\" href=\"https:\/\/www.planet-knox.com\/da\/news\/gear-reviews\/\">\n\t\t\t\t\tAnmeldelser af udstyr\t\t\t\t<\/a>\n\t\t\t\t\t<\/div>\n\t\t\t<\/header>\n\n\t<div class=\"content\">\n\t\t<h3>\n\t\t\t\t\t\t<a href=\"https:\/\/www.planet-knox.com\/da\/i-would-have-lost-my-hand\/\">\n\t\t\t\tJeg ville have mistet min h\u00e5nd!\t\t\t<\/a>\n\t\t<\/h3>\n\t\t\n\t\t<p>Som det fremg\u00e5r af m\u00e6rket p\u00e5 tanken, er der g\u00e5et 30 \u00e5r med Duke, og 1390 er den vildeste SuperDuke til dato, med mere kraft og bedre specifikationer end nogensinde f\u00f8r.<\/p>\n\t<\/div>\n\n\t<footer>\n\t\t\t\t<span class=\"author\">Knox<\/span>\n\t\t<strong>-<\/strong>\n\t\t\t\t\t\t<span class=\"data\">6. februar 2025<\/span>\n\t\t\t<\/footer>\n\n<\/div>\n<div class=\"clear\"><\/div><\/div><div class=\"vc_col-lg-6 vc_col-md-6 vc_col-sm-12 vc_col-xs-12 blog-post-masonry masonry-block post-offset norebro-card-wrapper grid-item\" data-lazy-item=\"\" data-lazy-scope=\"posts\"><div class=\"blog-grid grid-1 boxed\"  data-aos-once=\"&quot;true&quot;\" data-aos=\"&quot;fade-up&quot;\">\n\n\t<header>\n\t\t\t\t<a href=\"https:\/\/www.planet-knox.com\/da\/the-ultimate-knox-gift-guide\/\">\n\t\t\t<img decoding=\"async\" src=\"https:\/\/www.planet-knox.com\/wp-content\/uploads\/2024\/12\/ultimate.jpg\" alt=\"The Ultimate Knox Gift Guide\">\n\t\t<\/a>\n\t\t\n\t\t\t\t<div class=\"tags\">\n\t\t\t\t\t\t\t<a class=\"tag brand-bg-color brand-border-color\" href=\"https:\/\/www.planet-knox.com\/da\/news\/knox\/\">\n\t\t\t\t\tKnox\t\t\t\t<\/a>\n\t\t\t\t\t<\/div>\n\t\t\t<\/header>\n\n\t<div class=\"content\">\n\t\t<h3>\n\t\t\t\t\t\t<a href=\"https:\/\/www.planet-knox.com\/da\/the-ultimate-knox-gift-guide\/\">\n\t\t\t\tDen ultimative Knox-gaveguide\t\t\t<\/a>\n\t\t<\/h3>\n\t\t\n\t\t<p>N\u00e5r det g\u00e6lder motorcykeludstyr, ved k\u00f8rere, at kvalitet og innovation ikke er til forhandling. Uanset om du tackler uj\u00e6vnt terr\u00e6n, erobrer racerbanen,...<\/p>\n\t<\/div>\n\n\t<footer>\n\t\t\t\t<span class=\"author\">Knox<\/span>\n\t\t<strong>-<\/strong>\n\t\t\t\t\t\t<span class=\"data\">6. december 2024<\/span>\n\t\t\t<\/footer>\n\n<\/div>\n<div class=\"clear\"><\/div><\/div><div class=\"vc_col-lg-6 vc_col-md-6 vc_col-sm-12 vc_col-xs-12 blog-post-masonry masonry-block post-offset norebro-card-wrapper grid-item\" data-lazy-item=\"\" data-lazy-scope=\"posts\"><div class=\"blog-grid grid-1 boxed\"  data-aos-once=\"&quot;true&quot;\" data-aos=\"&quot;fade-up&quot;\">\n\n\t<header>\n\t\t\t\t<a href=\"https:\/\/www.planet-knox.com\/da\/the-ultimate-knox-gift-guide-perfect-presents-under-150\/\">\n\t\t\t<img decoding=\"async\" src=\"https:\/\/www.planet-knox.com\/wp-content\/uploads\/2024\/12\/cover-image-blog-listing.jpg\" alt=\"The Knox Gift Guide: Perfect Presents Under \u00a3150\">\n\t\t<\/a>\n\t\t\n\t\t\t\t<div class=\"tags\">\n\t\t\t\t\t\t\t<a class=\"tag brand-bg-color brand-border-color\" href=\"https:\/\/www.planet-knox.com\/da\/news\/knox\/\">\n\t\t\t\t\tKnox\t\t\t\t<\/a>\n\t\t\t\t\t<\/div>\n\t\t\t<\/header>\n\n\t<div class=\"content\">\n\t\t<h3>\n\t\t\t\t\t\t<a href=\"https:\/\/www.planet-knox.com\/da\/the-ultimate-knox-gift-guide-perfect-presents-under-150\/\">\n\t\t\t\tKnox' gaveguide: Perfekte gaver til under 150 pund\t\t\t<\/a>\n\t\t<\/h3>\n\t\t\n\t\t<p>Nu hvor julen n\u00e6rmer sig med hastige skridt, har vi samlet vores guide til de bedste gaver fra Knox-kollektionen til under 50 pund. Uanset om du shopper til...<\/p>\n\t<\/div>\n\n\t<footer>\n\t\t\t\t<span class=\"author\">Knox<\/span>\n\t\t<strong>-<\/strong>\n\t\t\t\t\t\t<span class=\"data\">2. december 2024<\/span>\n\t\t\t<\/footer>\n\n<\/div>\n<div class=\"clear\"><\/div><\/div><div class=\"vc_col-lg-6 vc_col-md-6 vc_col-sm-12 vc_col-xs-12 blog-post-masonry masonry-block post-offset norebro-card-wrapper grid-item\" data-lazy-item=\"\" data-lazy-scope=\"posts\"><div class=\"blog-grid grid-1 boxed\"  data-aos-once=\"&quot;true&quot;\" data-aos=\"&quot;fade-up&quot;\">\n\n\t<header>\n\t\t\t\t<a href=\"https:\/\/www.planet-knox.com\/da\/the-ultimate-knox-gift-guide-perfect-presents-under-50\/\">\n\t\t\t<img decoding=\"async\" src=\"https:\/\/www.planet-knox.com\/wp-content\/uploads\/2024\/11\/base_layers_KNXDualMax_4.jpg\" alt=\"The Knox Gift Guide: Perfect Presents Under \u00a350\">\n\t\t<\/a>\n\t\t\n\t\t\t\t<div class=\"tags\">\n\t\t\t\t\t\t\t<a class=\"tag brand-bg-color brand-border-color\" href=\"https:\/\/www.planet-knox.com\/da\/news\/knox\/\">\n\t\t\t\t\tKnox\t\t\t\t<\/a>\n\t\t\t\t\t<\/div>\n\t\t\t<\/header>\n\n\t<div class=\"content\">\n\t\t<h3>\n\t\t\t\t\t\t<a href=\"https:\/\/www.planet-knox.com\/da\/the-ultimate-knox-gift-guide-perfect-presents-under-50\/\">\n\t\t\t\tKnox' gaveguide: Perfekte gaver til under 50 pund\t\t\t<\/a>\n\t\t<\/h3>\n\t\t\n\t\t<p>Nu hvor julen n\u00e6rmer sig med hastige skridt, har vi samlet vores guide til de bedste gaver fra Knox-kollektionen til under 50 pund. Uanset om du shopper til...<\/p>\n\t<\/div>\n\n\t<footer>\n\t\t\t\t<span class=\"author\">Knox<\/span>\n\t\t<strong>-<\/strong>\n\t\t\t\t\t\t<span class=\"data\">27. november 2024<\/span>\n\t\t\t<\/footer>\n\n<\/div>\n<div class=\"clear\"><\/div><\/div><div class=\"vc_col-lg-6 vc_col-md-6 vc_col-sm-12 vc_col-xs-12 blog-post-masonry masonry-block post-offset norebro-card-wrapper grid-item\" data-lazy-item=\"\" data-lazy-scope=\"posts\"><div class=\"blog-grid grid-1 boxed\"  data-aos-once=\"&quot;true&quot;\" data-aos=\"&quot;fade-up&quot;\">\n\n\t<header>\n\t\t\t\t<a href=\"https:\/\/www.planet-knox.com\/da\/ktm-1390-superduke-r\/\">\n\t\t\t<img decoding=\"async\" src=\"https:\/\/www.planet-knox.com\/wp-content\/uploads\/2024\/10\/DSC05841-1.jpg\" alt=\"KTM 1390 Superduke R  | The review from KNOX\">\n\t\t<\/a>\n\t\t\n\t\t\t\t<div class=\"tags\">\n\t\t\t\t\t\t\t<a class=\"tag brand-bg-color brand-border-color\" href=\"https:\/\/www.planet-knox.com\/da\/news\/bike-reviews\/\">\n\t\t\t\t\tAnmeldelser af cykler\t\t\t\t<\/a>\n\t\t\t\t\t<\/div>\n\t\t\t<\/header>\n\n\t<div class=\"content\">\n\t\t<h3>\n\t\t\t\t\t\t<a href=\"https:\/\/www.planet-knox.com\/da\/ktm-1390-superduke-r\/\">\n\t\t\t\tKTM 1390 Superduke R | Anmeldelse fra KNOX\t\t\t<\/a>\n\t\t<\/h3>\n\t\t\n\t\t<p>Som det fremg\u00e5r af m\u00e6rket p\u00e5 tanken, er der g\u00e5et 30 \u00e5r med Duke, og 1390 er den vildeste SuperDuke til dato, med mere kraft og bedre specifikationer end nogensinde f\u00f8r.<\/p>\n\t<\/div>\n\n\t<footer>\n\t\t\t\t<span class=\"author\">Knox<\/span>\n\t\t<strong>-<\/strong>\n\t\t\t\t\t\t<span class=\"data\">7. oktober 2024<\/span>\n\t\t\t<\/footer>\n\n<\/div>\n<div class=\"clear\"><\/div><\/div><div class=\"vc_col-lg-12 vc_col-md-12 vc_col-sm-12 vc_col-xs-12 blog-post-masonry masonry-block post-offset norebro-card-wrapper\" data-lazy-item=\"\" data-lazy-scope=\"posts\"><div class=\"blog-grid grid-1 boxed\"  data-aos-once=\"&quot;true&quot;\" data-aos=\"&quot;fade-up&quot;\">\n\n\t<header>\n\t\t\t\t<a href=\"https:\/\/www.planet-knox.com\/da\/husqvarna-te300-pro-2024\/\">\n\t\t\t<img decoding=\"async\" src=\"https:\/\/www.planet-knox.com\/wp-content\/uploads\/2024\/03\/DSC03111.jpg\" alt=\"Husqvarna TE300 Pro 2024 | The review from KNOX\">\n\t\t<\/a>\n\t\t\n\t\t\t\t<div class=\"tags\">\n\t\t\t\t\t\t\t<a class=\"tag brand-bg-color brand-border-color\" href=\"https:\/\/www.planet-knox.com\/da\/news\/bike-reviews\/\">\n\t\t\t\t\tAnmeldelser af cykler\t\t\t\t<\/a>\n\t\t\t\t\t\t\t<a class=\"tag brand-bg-color brand-border-color\" href=\"https:\/\/www.planet-knox.com\/da\/news\/knox\/\">\n\t\t\t\t\tKnox\t\t\t\t<\/a>\n\t\t\t\t\t<\/div>\n\t\t\t<\/header>\n\n\t<div class=\"content\">\n\t\t<h3>\n\t\t\t\t\t\t<a href=\"https:\/\/www.planet-knox.com\/da\/husqvarna-te300-pro-2024\/\">\n\t\t\t\tHusqvarna TE300 Pro 2024 | Anmeldelse fra KNOX\t\t\t<\/a>\n\t\t<\/h3>\n\t\t\n\t\t<p>Lige siden vi for alvor begyndte at interessere os for enduro, har alle sagt til os: \"I skal k\u00f8be en 300 2-takts\" ... s\u00e5 det er det, vi har gjort til sidst. Den her...<\/p>\n\t<\/div>\n\n\t<footer>\n\t\t\t\t<span class=\"author\">Knox<\/span>\n\t\t<strong>-<\/strong>\n\t\t\t\t\t\t<span class=\"data\">23. februar 2024<\/span>\n\t\t\t<\/footer>\n\n<\/div>\n<div class=\"clear\"><\/div><\/div><div class=\"vc_col-lg-12 vc_col-md-12 vc_col-sm-12 vc_col-xs-12 blog-post-masonry masonry-block post-offset norebro-card-wrapper\" data-lazy-item=\"\" data-lazy-scope=\"posts\"><div class=\"blog-grid grid-1 boxed\"  data-aos-once=\"&quot;true&quot;\" data-aos=\"&quot;fade-up&quot;\">\n\n\t<header>\n\t\t\t\t<a href=\"https:\/\/www.planet-knox.com\/da\/ducati-multistrada-v4-rs-multistrada-v4s-grand-tour\/\">\n\t\t\t<img decoding=\"async\" src=\"https:\/\/www.planet-knox.com\/wp-content\/uploads\/2024\/03\/100_3072.jpg\" alt=\"Ducati Multistrada V4 RS &amp; Multistrada V4S Grand Tour | First ride review\">\n\t\t<\/a>\n\t\t\n\t\t\t\t<div class=\"tags\">\n\t\t\t\t\t\t\t<a class=\"tag brand-bg-color brand-border-color\" href=\"https:\/\/www.planet-knox.com\/da\/news\/bike-reviews\/\">\n\t\t\t\t\tAnmeldelser af cykler\t\t\t\t<\/a>\n\t\t\t\t\t\t\t<a class=\"tag brand-bg-color brand-border-color\" href=\"https:\/\/www.planet-knox.com\/da\/news\/knox\/\">\n\t\t\t\t\tKnox\t\t\t\t<\/a>\n\t\t\t\t\t<\/div>\n\t\t\t<\/header>\n\n\t<div class=\"content\">\n\t\t<h3>\n\t\t\t\t\t\t<a href=\"https:\/\/www.planet-knox.com\/da\/ducati-multistrada-v4-rs-multistrada-v4s-grand-tour\/\">\n\t\t\t\tDucati Multistrada V4 RS &amp; Multistrada V4S Grand Tour | Anmeldelse af f\u00f8rste tur\t\t\t<\/a>\n\t\t<\/h3>\n\t\t\n\t\t<p>Vi pr\u00e6senterer de nyeste topmodeller af Ducati Multistrada, V4rs og V4s Grand Tour. Adam Child \"Chad\" fl\u00f8j til Italien for at pr\u00f8ve varerne.<\/p>\n\t<\/div>\n\n\t<footer>\n\t\t\t\t<span class=\"author\">Knox<\/span>\n\t\t<strong>-<\/strong>\n\t\t\t\t\t\t<span class=\"data\">3. januar 2024<\/span>\n\t\t\t<\/footer>\n\n<\/div>\n<div class=\"clear\"><\/div><\/div><div class=\"vc_col-lg-12 vc_col-md-12 vc_col-sm-12 vc_col-xs-12 blog-post-masonry masonry-block post-offset norebro-card-wrapper\" data-lazy-item=\"\" data-lazy-scope=\"posts\"><div class=\"blog-grid grid-1 boxed\"  data-aos-once=\"&quot;true&quot;\" data-aos=\"&quot;fade-up&quot;\">\n\n\t<header>\n\t\t\t\t<a href=\"https:\/\/www.planet-knox.com\/da\/royal-enfield-himalayan-450-review\/\">\n\t\t\t<img decoding=\"async\" src=\"https:\/\/www.planet-knox.com\/wp-content\/uploads\/2024\/03\/22A5415.jpg\" alt=\"Royal Enfield Himalayan 450 review from the world launch | KNOX Armour\">\n\t\t<\/a>\n\t\t\n\t\t\t\t<div class=\"tags\">\n\t\t\t\t\t\t\t<a class=\"tag brand-bg-color brand-border-color\" href=\"https:\/\/www.planet-knox.com\/da\/news\/bike-reviews\/\">\n\t\t\t\t\tAnmeldelser af cykler\t\t\t\t<\/a>\n\t\t\t\t\t\t\t<a class=\"tag brand-bg-color brand-border-color\" href=\"https:\/\/www.planet-knox.com\/da\/news\/knox\/\">\n\t\t\t\t\tKnox\t\t\t\t<\/a>\n\t\t\t\t\t<\/div>\n\t\t\t<\/header>\n\n\t<div class=\"content\">\n\t\t<h3>\n\t\t\t\t\t\t<a href=\"https:\/\/www.planet-knox.com\/da\/royal-enfield-himalayan-450-review\/\">\n\t\t\t\tRoyal Enfield Himalayan 450 anmeldelse fra verdenslanceringen | KNOX Armour\t\t\t<\/a>\n\t\t<\/h3>\n\t\t\n\t\t<p>Chad fl\u00f8j ud til det utrolige indiske Himalaya for at k\u00f8re ... du g\u00e6ttede det, den nye Royal Enfield Himalayan 450.<\/p>\n\t<\/div>\n\n\t<footer>\n\t\t\t\t<span class=\"author\">Knox<\/span>\n\t\t<strong>-<\/strong>\n\t\t\t\t\t\t<span class=\"data\">14. december 2023<\/span>\n\t\t\t<\/footer>\n\n<\/div>\n<div class=\"clear\"><\/div><\/div><div class=\"vc_col-lg-12 vc_col-md-12 vc_col-sm-12 vc_col-xs-12 blog-post-masonry masonry-block post-offset norebro-card-wrapper\" data-lazy-item=\"\" data-lazy-scope=\"posts\"><div class=\"blog-grid grid-1 boxed\"  data-aos-once=\"&quot;true&quot;\" data-aos=\"&quot;fade-up&quot;\">\n\n\t<header>\n\t\t\t\t<a href=\"https:\/\/www.planet-knox.com\/da\/ktm-790-duke\/\">\n\t\t\t<img decoding=\"async\" src=\"https:\/\/www.planet-knox.com\/wp-content\/uploads\/2024\/03\/20230918_173954-scaled.jpg\" alt=\"KTM 790 Duke | The review from KNOX\">\n\t\t<\/a>\n\t\t\n\t\t\t\t<div class=\"tags\">\n\t\t\t\t\t\t\t<a class=\"tag brand-bg-color brand-border-color\" href=\"https:\/\/www.planet-knox.com\/da\/news\/bike-reviews\/\">\n\t\t\t\t\tAnmeldelser af cykler\t\t\t\t<\/a>\n\t\t\t\t\t\t\t<a class=\"tag brand-bg-color brand-border-color\" href=\"https:\/\/www.planet-knox.com\/da\/news\/knox\/\">\n\t\t\t\t\tKnox\t\t\t\t<\/a>\n\t\t\t\t\t<\/div>\n\t\t\t<\/header>\n\n\t<div class=\"content\">\n\t\t<h3>\n\t\t\t\t\t\t<a href=\"https:\/\/www.planet-knox.com\/da\/ktm-790-duke\/\">\n\t\t\t\tKTM 790 Duke | Anmeldelse fra KNOX\t\t\t<\/a>\n\t\t<\/h3>\n\t\t\n\t\t<p>For et par m\u00e5neder siden bes\u00f8gte vi KTM UK til en 2-dages pressebegivenhed, hvor vi pr\u00f8vede deres 790-platformsmotorcykler, KTM 790 Duke og KTM 790 Adventure.<\/p>\n\t<\/div>\n\n\t<footer>\n\t\t\t\t<span class=\"author\">Knox<\/span>\n\t\t<strong>-<\/strong>\n\t\t\t\t\t\t<span class=\"data\">7. december 2023<\/span>\n\t\t\t<\/footer>\n\n<\/div>\n<div class=\"clear\"><\/div><\/div><\/div><nav class=\"pagination text-left\"><ul><li><a href=\"https:\/\/www.planet-knox.com\/da\/wp-json\/wp\/v2\/pages\/703\/\" class=\"hover-underline page-numbers active\">1<\/a><\/li><li><a href=\"https:\/\/www.planet-knox.com\/da\/wp-json\/wp\/v2\/pages\/703\/page\/2\/\" class=\"hover-underline page-numbers\">2<\/a><\/li><li><a href=\"https:\/\/www.planet-knox.com\/da\/wp-json\/wp\/v2\/pages\/703\/page\/3\/\" class=\"hover-underline page-numbers\">3<\/a><\/li><li><span class=\"page-numbers\">...<\/span><\/li><li><a href=\"https:\/\/www.planet-knox.com\/da\/wp-json\/wp\/v2\/pages\/703\/page\/8\/\" class=\"hover-underline page-numbers\">8<\/a><\/li><li><a href=\"https:\/\/www.planet-knox.com\/da\/wp-json\/wp\/v2\/pages\/703\/page\/2\/\" class=\"next hover-underline page-numbers\">Next <span class=\"icon-right ion-android-arrow-forward\"><\/span><\/a><\/li><\/ul><\/nav>\t\n<\/div><\/div><\/div><\/div><\/div>\n<\/div>","protected":false},"excerpt":{"rendered":"KTM 790 Duke | The review Knox Review PUBLISHED: December 7th, 2024 A few months ago, we visited KTM UK for a 2 day press event dedicating to sampling their 790 platform motorcycles, The KTM 790 Duke and the KTM 790 Adventure. Check out our...","protected":false},"author":1,"featured_media":229929,"parent":0,"menu_order":0,"comment_status":"open","ping_status":"closed","template":"","meta":{"_acf_changed":false,"inline_featured_image":false,"footnotes":""},"class_list":["post-703","page","type-page","status-publish","has-post-thumbnail","hentry"],"acf":[],"aioseo_notices":[],"_links":{"self":[{"href":"https:\/\/www.planet-knox.com\/da\/wp-json\/wp\/v2\/pages\/703","targetHints":{"allow":["GET"]}}],"collection":[{"href":"https:\/\/www.planet-knox.com\/da\/wp-json\/wp\/v2\/pages"}],"about":[{"href":"https:\/\/www.planet-knox.com\/da\/wp-json\/wp\/v2\/types\/page"}],"author":[{"embeddable":true,"href":"https:\/\/www.planet-knox.com\/da\/wp-json\/wp\/v2\/users\/1"}],"replies":[{"embeddable":true,"href":"https:\/\/www.planet-knox.com\/da\/wp-json\/wp\/v2\/comments?post=703"}],"version-history":[{"count":0,"href":"https:\/\/www.planet-knox.com\/da\/wp-json\/wp\/v2\/pages\/703\/revisions"}],"wp:featuredmedia":[{"embeddable":true,"href":"https:\/\/www.planet-knox.com\/da\/wp-json\/wp\/v2\/media\/229929"}],"wp:attachment":[{"href":"https:\/\/www.planet-knox.com\/da\/wp-json\/wp\/v2\/media?parent=703"}],"curies":[{"name":"wp","href":"https:\/\/api.w.org\/{rel}","templated":true}]}}