{"id":229760,"date":"2025-01-16T00:00:00","date_gmt":"2025-01-16T00:00:00","guid":{"rendered":"https:\/\/www.planet-knox.com\/?post_type=product&#038;p=229760"},"modified":"2026-05-13T13:53:50","modified_gmt":"2026-05-13T13:53:50","slug":"unisex-windproof-under-gloves","status":"publish","type":"product","link":"https:\/\/www.planet-knox.com\/cs\/produkt\/unisex-windproof-under-gloves\/","title":{"rendered":"Unisex Windproof Under Gloves"},"content":{"rendered":"<div class=\"wpb-content-wrapper\"><div id=\"sizeguide\" class=\"vc_row wpb_row vc_row-fluid gradient-container-1\"><div class=\"gradient-column-1 wpb_column vc_column_container vc_col-sm-12\"><div class=\"vc_column-inner\"><div class=\"wpb_wrapper\"><div class=\"vc_empty_space\"   style=\"height: 32px\"><span class=\"vc_empty_space_inner\"><\/span><\/div><div class=\"norebro-heading-sc heading text-center\"\n\tid=\"norebro-custom-6a08353e3325d\" \n\t \n\t>\n\t\n\t\n\t\n\t<h3 class=\"title\">\n\t\tPr\u016fvodce velikost\u00ed\t<\/h3>\n\n\t\n\t\t\t<p class=\"subtitle\">\n\t\t\tPot\u0159ebujete pomoc? Pou\u017eijte Live chat nebo n\u00e1m napi\u0161te na: <a href=\"mailto:sales@planet-knox.com\">sales@planet-knox.com<\/a>\t\t<\/p>\n\t\t\n<\/div><div class=\"vc_empty_space\"   style=\"height: 32px\"><span class=\"vc_empty_space_inner\"><\/span><\/div><div class=\"vc_separator wpb_content_element vc_separator_align_center vc_sep_width_100 vc_sep_pos_align_center vc_separator_no_text vc_sep_color_grey wpb_content_element  wpb_content_element\" ><span class=\"vc_sep_holder vc_sep_holder_l\"><span class=\"vc_sep_line\"><\/span><\/span><span class=\"vc_sep_holder vc_sep_holder_r\"><span class=\"vc_sep_line\"><\/span><\/span>\n<\/div><div class=\"vc_empty_space\"   style=\"height: 32px\"><span class=\"vc_empty_space_inner\"><\/span><\/div>\n\t<div  class=\"wpb_single_image wpb_content_element vc_align_center wpb_content_element\">\n\t\t\n\t\t<figure class=\"wpb_wrapper vc_figure\">\n\t\t\t<div class=\"vc_single_image-wrapper   vc_box_border_grey\"><img decoding=\"async\" width=\"400\" height=\"293\" src=\"https:\/\/www.planet-knox.com\/wp-content\/uploads\/2018\/09\/mens-gloves.png\" class=\"vc_single_image-img attachment-full\" alt=\"\" title=\"p\u00e1nsk\u00e9 rukavice\" srcset=\"https:\/\/www.planet-knox.com\/wp-content\/uploads\/2018\/09\/mens-gloves.png 400w, https:\/\/www.planet-knox.com\/wp-content\/uploads\/2018\/09\/mens-gloves-16x12.png 16w\" sizes=\"(max-width: 400px) 100vw, 400px\" \/><\/div>\n\t\t<\/figure>\n\t<\/div>\n<div class=\"norebro-text-sc\" \n\tid=\"norebro-custom-6a08353e33dec\" \n\t \n\t>\n\n\t<p style=\"text-align: center;\"><strong>Obvod dlan\u011b (A):<\/strong> Obvod dlan\u011b je celkov\u00fd rozm\u011br kolem nej\u0161ir\u0161\u00ed \u010d\u00e1sti dlan\u011b a p\u0159es klouby. P\u0159ilo\u017ete p\u00e1sku kolem dlan\u011b a sev\u0159ete ji v p\u011bst, pak si nam\u011b\u0159enou hodnotu zapi\u0161te.<\/p>\n<p style=\"text-align: center;\"><strong>D\u00e9lka ruky (B):<\/strong> Zm\u011b\u0159te vzd\u00e1lenost od z\u00e1hybu z\u00e1p\u011bst\u00ed ke konci prost\u0159edn\u00ed\u010dku.<\/p>\n<p style=\"text-align: center;\">Zm\u011b\u0159te si d\u00e9lku a \u0161\u00ed\u0159ku ruky a zvolte velikost, kter\u00e1 se nejv\u00edce bl\u00ed\u017e\u00ed va\u0161im rozm\u011br\u016fm. Ta by m\u011bla spr\u00e1vn\u011b padnout na va\u0161i ruku. Pokud va\u0161e ruka sed\u00ed na jednu m\u00edru, ale na druhou ne, nebo pokud d\u00e1v\u00e1te p\u0159ednost voln\u011bj\u0161\u00edmu st\u0159ihu, doporu\u010dujeme zvolit dal\u0161\u00ed v\u011bt\u0161\u00ed velikost.<\/p>\n\t\n<\/div><div class=\"vc_row wpb_row vc_inner vc_row-fluid sizeguidehelpcolumn vc_row-o-content-middle vc_row-flex\"><div class=\"wpb_column vc_column_container vc_col-sm-6\"><div class=\"vc_column-inner\"><div class=\"wpb_wrapper\"><\/div><\/div><\/div><div class=\"wpb_column vc_column_container vc_col-sm-6\"><div class=\"vc_column-inner\"><div class=\"wpb_wrapper\"><\/div><\/div><\/div><\/div><div class=\"vc_row wpb_row vc_inner vc_row-fluid vc_row-o-content-middle vc_row-flex\"><div class=\"wpb_column vc_column_container vc_col-sm-12\"><div class=\"vc_column-inner\"><div class=\"wpb_wrapper\">\n\t<div class=\"wpb_raw_code wpb_raw_html wpb_content_element\" >\n\t\t<div class=\"wpb_wrapper\">\n\t\t\t<table class=\"knoxtable\" cellspacing=\"0\" cellpadding=\"0\" width=\"100%\">\n  <tr>\n    <th>Velikost p\u00e1nsk\u00e9 ruky<\/th>\n    <th>XS<\/th>\n    <th>S<\/th>\n    <th>M<\/th>\n    <th>L<\/th>\n    <th>XL<\/th>\n    <th>2XL<\/th>\n    <th>3XL<\/th>\n  <\/tr>\n  <tr>\n    <td>Obvod dlan\u011b (mm)<\/td>\n    <td>200<\/td>\n    <td>215<\/td>\n    <td>230<\/td>\n    <td>245<\/td>\n    <td>260<\/td>\n    <td>275<\/td>\n    <td>290<\/td>\n  <\/tr>\n  <tr>\n    <td>D\u00e9lka ruky (mm)<\/td>\n    <td>179<\/td>\n    <td>186<\/td>\n    <td>193<\/td>\n    <td>200<\/td>\n    <td>207<\/td>\n    <td>214<\/td>\n    <td>221<\/td>\n  <\/tr>\n<\/table>\n\t\t<\/div>\n\t<\/div>\n<\/div><\/div><\/div><\/div><div class=\"vc_empty_space\"   style=\"height: 32px\"><span class=\"vc_empty_space_inner\"><\/span><\/div><\/div><\/div><\/div><\/div>\n<\/div>","protected":false},"excerpt":{"rendered":"<p>The new Knox under glove is a windproof and water resistant inner glove which can help in reducing the effects of cold on the extremities.<br \/>\nFreezing cold finger ends are helped by wearing good windproof under gloves. They give extra warmth and wind protection to the back of the hand and finger ends.<br \/>\nBreathable, water-resistant, soft-shell fabric is backed in micro fleece, eliminating wind chill on the back of the hand and fingers.<br \/>\nSoft rib elastic cuff gives a secure fit for ultimate comfort. Subtle Knox branding.<\/p>","protected":false},"featured_media":229764,"comment_status":"closed","ping_status":"closed","template":"","meta":{"_acf_changed":false,"inline_featured_image":false},"product_brand":[],"product_cat":[635,631,585,574,2800,785,653,628],"product_tag":[],"class_list":{"0":"post-229760","1":"product","2":"type-product","3":"status-publish","4":"has-post-thumbnail","6":"product_cat-accessories","7":"product_cat-gloves","8":"product_cat-mens-accessories","9":"product_cat-mens-waterproof-gloves","10":"product_cat-new-for-2025","11":"product_cat-windproof-accessories","12":"product_cat-women","13":"product_cat-womens-accessories","14":"pa_colour-black","15":"pa_size-2xl","16":"pa_size-l","17":"pa_size-m","18":"pa_size-s","19":"pa_size-xl","21":"first","22":"onbackorder","23":"taxable","24":"shipping-taxable","25":"purchasable","26":"product-type-variable","27":"has-default-attributes"},"acf":[],"aioseo_notices":[],"gallery_images":[229763,229764,229762,229787,229788],"_links":{"self":[{"href":"https:\/\/www.planet-knox.com\/cs\/wp-json\/wp\/v2\/product\/229760","targetHints":{"allow":["GET"]}}],"collection":[{"href":"https:\/\/www.planet-knox.com\/cs\/wp-json\/wp\/v2\/product"}],"about":[{"href":"https:\/\/www.planet-knox.com\/cs\/wp-json\/wp\/v2\/types\/product"}],"replies":[{"embeddable":true,"href":"https:\/\/www.planet-knox.com\/cs\/wp-json\/wp\/v2\/comments?post=229760"}],"wp:featuredmedia":[{"embeddable":true,"href":"https:\/\/www.planet-knox.com\/cs\/wp-json\/wp\/v2\/media\/229764"}],"wp:attachment":[{"href":"https:\/\/www.planet-knox.com\/cs\/wp-json\/wp\/v2\/media?parent=229760"}],"wp:term":[{"taxonomy":"product_brand","embeddable":true,"href":"https:\/\/www.planet-knox.com\/cs\/wp-json\/wp\/v2\/product_brand?post=229760"},{"taxonomy":"product_cat","embeddable":true,"href":"https:\/\/www.planet-knox.com\/cs\/wp-json\/wp\/v2\/product_cat?post=229760"},{"taxonomy":"product_tag","embeddable":true,"href":"https:\/\/www.planet-knox.com\/cs\/wp-json\/wp\/v2\/product_tag?post=229760"}],"curies":[{"name":"wp","href":"https:\/\/api.w.org\/{rel}","templated":true}]}}