{"id":703,"date":"2011-05-20T18:51:43","date_gmt":"2011-05-21T01:51:43","guid":{"rendered":"http:\/\/wpthemetestdata.wordpress.com\/?page_id=703"},"modified":"2025-01-10T15:29:18","modified_gmt":"2025-01-10T15:29:18","slug":"blog","status":"publish","type":"page","link":"https:\/\/www.planet-knox.com\/bg\/blog\/","title":{"rendered":"\u0411\u043b\u043e\u0433"},"content":{"rendered":"<div class=\"wpb-content-wrapper\"><div class=\"vc_row wpb_row vc_row-fluid gradient-container-1\"><div class=\"gradient-column-1 wpb_column vc_column_container vc_col-sm-12\"><div class=\"vc_column-inner\"><div class=\"wpb_wrapper\"><div class=\"norebro-heading-sc heading text-center\"\n\tid=\"norebro-custom-69e1b89bc1d9b\" \n\t \n\t>\n\t\n\t\n\t\n\t<h3 class=\"title\">\n\t\tKnox on social media\t<\/h3>\n\n\t\n\t\t\t<p class=\"subtitle\">\n\t\t\tFollow us for the latest news, videos, offers and product releases\t\t<\/p>\n\t\t\n<\/div>\n\t<div class=\"wpb_raw_code wpb_raw_html wpb_content_element\" >\n\t\t<div class=\"wpb_wrapper\">\n\t\t\t<div class=\"blogsocial\"><ul class=\"menu-other\">\n\n\t\t\n\t\t\t\t\n\t\n\t\t<li class=\"social\">\n\t\t\t\t\t\t\t\t<a href=\"https:\/\/www.facebook.com\/knoxarmour\" class=\"facebook\" target=\"_blank\"><i class=\"fa-facebook\"><\/i><\/a>\t\t\t\t\t\t\t\t<a href=\"https:\/\/www.instagram.com\/knoxarmour\" class=\"instagram\" target=\"_blank\"><i class=\"fa-instagram\"><\/i><\/a>\t\t\t\t\t\t\t\t<a href=\"https:\/\/www.twitter.com\/knoxarmour\" class=\"twitter\" target=\"_blank\"><i class=\"fa-twitter\"><\/i><\/a>\t\t\t\t\t\t\t\t<a href=\"https:\/\/www.youtube.com\/knoxarmour?sub_confirm=1\" class=\"youtube\" target=\"_blank\"><i class=\"fa-youtube\"><\/i><\/a>\t\t\t<\/li>\n\t<\/ul><\/div>\n\t\t<\/div>\n\t<\/div>\n<\/div><\/div><\/div><\/div><div class=\"vc_row wpb_row vc_row-fluid gradient-container-2\"><div class=\"gradient-column-2 wpb_column vc_column_container vc_col-sm-12\"><div class=\"vc_column-inner\"><div class=\"wpb_wrapper\"><div class=\"norebro-heading-sc heading text-center\"\n\tid=\"norebro-custom-69e1b89bc20e8\" \n\t \n\t>\n\t\n\t\n\t\n\t<h3 class=\"title\">\n\t\tKnox Blog Posts\t<\/h3>\n\n\t\n\t\t\t<p class=\"subtitle\">\n\t\t\t\t\t<\/p>\n\t\t\n<\/div><div class=\"vc_empty_space\"   style=\"height: 32px\"><span class=\"vc_empty_space_inner\"><\/span><\/div><\/div><\/div><\/div><\/div><div class=\"vc_row wpb_row vc_row-fluid gradient-container-3\"><div class=\"gradient-column-3 wpb_column vc_column_container vc_col-sm-12\"><div class=\"vc_column-inner\"><div class=\"wpb_wrapper\"><div class=\"norebro-recent-posts-sc vc_row blog-posts-masonry\" \n\tid=\"norebro-custom-69e1b89bcc2cf\"\n\t \n\t>\n\n\t<div class=\"norebro-masonry\" data-lazy-container=\"posts\"><div class=\"vc_col-lg-6 vc_col-md-6 vc_col-sm-12 vc_col-xs-12 blog-post-masonry masonry-block post-offset norebro-card-wrapper grid-item\" data-lazy-item=\"\" data-lazy-scope=\"posts\"><div class=\"blog-grid grid-1 boxed\"  data-aos-once=\"&quot;true&quot;\" data-aos=\"&quot;fade-up&quot;\">\n\n\t<header>\n\t\t\t\t<a href=\"https:\/\/www.planet-knox.com\/bg\/5-takeaways-from-my-first-hard-enduro-event\/\">\n\t\t\t<img decoding=\"async\" src=\"https:\/\/www.planet-knox.com\/wp-content\/uploads\/2025\/06\/C8982.00_39_47_22.Still007-scaled.jpg\" alt=\"5 Takeaways from my first hard enduro event\">\n\t\t<\/a>\n\t\t\n\t\t\t\t<div class=\"tags\">\n\t\t\t\t\t\t\t<a class=\"tag brand-bg-color brand-border-color\" href=\"https:\/\/www.planet-knox.com\/bg\/news\/gear-reviews\/\">\n\t\t\t\t\tGear Reviews\t\t\t\t<\/a>\n\t\t\t\t\t\t\t<a class=\"tag brand-bg-color brand-border-color\" href=\"https:\/\/www.planet-knox.com\/bg\/news\/knox\/\">\n\t\t\t\t\tKnox\t\t\t\t<\/a>\n\t\t\t\t\t<\/div>\n\t\t\t<\/header>\n\n\t<div class=\"content\">\n\t\t<h3>\n\t\t\t\t\t\t<a href=\"https:\/\/www.planet-knox.com\/bg\/5-takeaways-from-my-first-hard-enduro-event\/\">\n\t\t\t\t5 Takeaways from my first hard enduro event\t\t\t<\/a>\n\t\t<\/h3>\n\t\t\n\t\t<p>Riding Hard Enduro has become an important part of the development work we do at KNOX. It\u2019s an environment where we can really push ourselves, the bikes and our&hellip;<\/p>\n\t<\/div>\n\n\t<footer>\n\t\t\t\t<span class=\"author\">KNOX<\/span>\n\t\t<strong>&mdash;<\/strong>\n\t\t\t\t\t\t<span class=\"data\">\u044e\u043d\u0438 10, 2025<\/span>\n\t\t\t<\/footer>\n\n<\/div>\n<div class=\"clear\"><\/div><\/div><div class=\"vc_col-lg-6 vc_col-md-6 vc_col-sm-12 vc_col-xs-12 blog-post-masonry masonry-block post-offset norebro-card-wrapper grid-item\" data-lazy-item=\"\" data-lazy-scope=\"posts\"><div class=\"blog-grid grid-1 boxed\"  data-aos-once=\"&quot;true&quot;\" data-aos=\"&quot;fade-up&quot;\">\n\n\t<header>\n\t\t\t\t<a href=\"https:\/\/www.planet-knox.com\/bg\/desert-riding-gear\/\">\n\t\t\t<img decoding=\"async\" src=\"https:\/\/www.planet-knox.com\/wp-content\/uploads\/2025\/04\/2025_YAM_Tenere_PRESS_EU_250407_5689TB_71-scaled.jpg\" alt=\"Desert Riding Gear\">\n\t\t<\/a>\n\t\t\n\t\t\t\t<div class=\"tags\">\n\t\t\t\t\t\t\t<a class=\"tag brand-bg-color brand-border-color\" href=\"https:\/\/www.planet-knox.com\/bg\/news\/gear-reviews\/\">\n\t\t\t\t\tGear Reviews\t\t\t\t<\/a>\n\t\t\t\t\t<\/div>\n\t\t\t<\/header>\n\n\t<div class=\"content\">\n\t\t<h3>\n\t\t\t\t\t\t<a href=\"https:\/\/www.planet-knox.com\/bg\/desert-riding-gear\/\">\n\t\t\t\tDesert Riding Gear\t\t\t<\/a>\n\t\t<\/h3>\n\t\t\n\t\t<p>Having recently headed out to the Moroccan Agafay Desert to sample the latest Tenere 700, it was the perfect environment to test the latest products from Knox.<\/p>\n\t<\/div>\n\n\t<footer>\n\t\t\t\t<span class=\"author\">KNOX<\/span>\n\t\t<strong>&mdash;<\/strong>\n\t\t\t\t\t\t<span class=\"data\">\u043c\u0430\u0439 27, 2025<\/span>\n\t\t\t<\/footer>\n\n<\/div>\n<div class=\"clear\"><\/div><\/div><div class=\"vc_col-lg-6 vc_col-md-6 vc_col-sm-12 vc_col-xs-12 blog-post-masonry masonry-block post-offset norebro-card-wrapper grid-item\" data-lazy-item=\"\" data-lazy-scope=\"posts\"><div class=\"blog-grid grid-1 boxed\"  data-aos-once=\"&quot;true&quot;\" data-aos=\"&quot;fade-up&quot;\">\n\n\t<header>\n\t\t\t\t<a href=\"https:\/\/www.planet-knox.com\/bg\/2025-yamaha-tenere-700-and-700-rally\/\">\n\t\t\t<img decoding=\"async\" src=\"https:\/\/www.planet-knox.com\/wp-content\/uploads\/2025\/04\/2025_YAM_Tenere_PRESS_EU_250407_6076TB_71-scaled.jpg\" alt=\"2025 Yamaha T\u00e9n\u00e9r\u00e9 700 and T\u00e9n\u00e9r\u00e9 700 Rally  | Review from KNOX\">\n\t\t<\/a>\n\t\t\n\t\t\t\t<div class=\"tags\">\n\t\t\t\t\t\t\t<a class=\"tag brand-bg-color brand-border-color\" href=\"https:\/\/www.planet-knox.com\/bg\/news\/bike-reviews\/\">\n\t\t\t\t\tBike Reviews\t\t\t\t<\/a>\n\t\t\t\t\t<\/div>\n\t\t\t<\/header>\n\n\t<div class=\"content\">\n\t\t<h3>\n\t\t\t\t\t\t<a href=\"https:\/\/www.planet-knox.com\/bg\/2025-yamaha-tenere-700-and-700-rally\/\">\n\t\t\t\t2025 Yamaha T\u00e9n\u00e9r\u00e9 700 and T\u00e9n\u00e9r\u00e9 700 Rally  | Review from KNOX\t\t\t<\/a>\n\t\t<\/h3>\n\t\t\n\t\t<p>Positioned as rugged, reliable and tough, and with a wide user appeal of would be rally off road enthusiasts, globe trotters and commuters, Yamaha have a keen interest&hellip;<\/p>\n\t<\/div>\n\n\t<footer>\n\t\t\t\t<span class=\"author\">Knox<\/span>\n\t\t<strong>&mdash;<\/strong>\n\t\t\t\t\t\t<span class=\"data\">\u0430\u043f\u0440\u0438\u043b 28, 2025<\/span>\n\t\t\t<\/footer>\n\n<\/div>\n<div class=\"clear\"><\/div><\/div><div class=\"vc_col-lg-6 vc_col-md-6 vc_col-sm-12 vc_col-xs-12 blog-post-masonry masonry-block post-offset norebro-card-wrapper grid-item\" data-lazy-item=\"\" data-lazy-scope=\"posts\"><div class=\"blog-grid grid-1 boxed\"  data-aos-once=\"&quot;true&quot;\" data-aos=\"&quot;fade-up&quot;\">\n\n\t<header>\n\t\t\t\t<a href=\"https:\/\/www.planet-knox.com\/bg\/i-would-have-lost-my-hand\/\">\n\t\t\t<img decoding=\"async\" src=\"https:\/\/www.planet-knox.com\/wp-content\/uploads\/2025\/02\/review.jpg\" alt=\"I would have lost my hand!\">\n\t\t<\/a>\n\t\t\n\t\t\t\t<div class=\"tags\">\n\t\t\t\t\t\t\t<a class=\"tag brand-bg-color brand-border-color\" href=\"https:\/\/www.planet-knox.com\/bg\/news\/gear-reviews\/\">\n\t\t\t\t\tGear Reviews\t\t\t\t<\/a>\n\t\t\t\t\t<\/div>\n\t\t\t<\/header>\n\n\t<div class=\"content\">\n\t\t<h3>\n\t\t\t\t\t\t<a href=\"https:\/\/www.planet-knox.com\/bg\/i-would-have-lost-my-hand\/\">\n\t\t\t\tI would have lost my hand!\t\t\t<\/a>\n\t\t<\/h3>\n\t\t\n\t\t<p>Expressed by the badge on the tank, it\u2019s been 30 years of duke and the 1390 is the wildest SuperDuke yet, with more power, and a better spec than ever before.<\/p>\n\t<\/div>\n\n\t<footer>\n\t\t\t\t<span class=\"author\">Knox<\/span>\n\t\t<strong>&mdash;<\/strong>\n\t\t\t\t\t\t<span class=\"data\">\u0444\u0435\u0432\u0440\u0443\u0430\u0440\u0438 6, 2025<\/span>\n\t\t\t<\/footer>\n\n<\/div>\n<div class=\"clear\"><\/div><\/div><div class=\"vc_col-lg-6 vc_col-md-6 vc_col-sm-12 vc_col-xs-12 blog-post-masonry masonry-block post-offset norebro-card-wrapper grid-item\" data-lazy-item=\"\" data-lazy-scope=\"posts\"><div class=\"blog-grid grid-1 boxed\"  data-aos-once=\"&quot;true&quot;\" data-aos=\"&quot;fade-up&quot;\">\n\n\t<header>\n\t\t\t\t<a href=\"https:\/\/www.planet-knox.com\/bg\/the-ultimate-knox-gift-guide\/\">\n\t\t\t<img decoding=\"async\" src=\"https:\/\/www.planet-knox.com\/wp-content\/uploads\/2024\/12\/ultimate.jpg\" alt=\"The Ultimate Knox Gift Guide\">\n\t\t<\/a>\n\t\t\n\t\t\t\t<div class=\"tags\">\n\t\t\t\t\t\t\t<a class=\"tag brand-bg-color brand-border-color\" href=\"https:\/\/www.planet-knox.com\/bg\/news\/knox\/\">\n\t\t\t\t\tKnox\t\t\t\t<\/a>\n\t\t\t\t\t<\/div>\n\t\t\t<\/header>\n\n\t<div class=\"content\">\n\t\t<h3>\n\t\t\t\t\t\t<a href=\"https:\/\/www.planet-knox.com\/bg\/the-ultimate-knox-gift-guide\/\">\n\t\t\t\tThe Ultimate Knox Gift Guide\t\t\t<\/a>\n\t\t<\/h3>\n\t\t\n\t\t<p>When it comes to motorcycle gear, riders know that quality and innovation are non-negotiable. Whether you\u2019re tackling rugged terrains, conquering the race track,&hellip;<\/p>\n\t<\/div>\n\n\t<footer>\n\t\t\t\t<span class=\"author\">Knox<\/span>\n\t\t<strong>&mdash;<\/strong>\n\t\t\t\t\t\t<span class=\"data\">\u0434\u0435\u043a\u0435\u043c\u0432\u0440\u0438 6, 2024<\/span>\n\t\t\t<\/footer>\n\n<\/div>\n<div class=\"clear\"><\/div><\/div><div class=\"vc_col-lg-6 vc_col-md-6 vc_col-sm-12 vc_col-xs-12 blog-post-masonry masonry-block post-offset norebro-card-wrapper grid-item\" data-lazy-item=\"\" data-lazy-scope=\"posts\"><div class=\"blog-grid grid-1 boxed\"  data-aos-once=\"&quot;true&quot;\" data-aos=\"&quot;fade-up&quot;\">\n\n\t<header>\n\t\t\t\t<a href=\"https:\/\/www.planet-knox.com\/bg\/the-ultimate-knox-gift-guide-perfect-presents-under-150\/\">\n\t\t\t<img decoding=\"async\" src=\"https:\/\/www.planet-knox.com\/wp-content\/uploads\/2024\/12\/cover-image-blog-listing.jpg\" alt=\"The Knox Gift Guide: Perfect Presents Under \u00a3150\">\n\t\t<\/a>\n\t\t\n\t\t\t\t<div class=\"tags\">\n\t\t\t\t\t\t\t<a class=\"tag brand-bg-color brand-border-color\" href=\"https:\/\/www.planet-knox.com\/bg\/news\/knox\/\">\n\t\t\t\t\tKnox\t\t\t\t<\/a>\n\t\t\t\t\t<\/div>\n\t\t\t<\/header>\n\n\t<div class=\"content\">\n\t\t<h3>\n\t\t\t\t\t\t<a href=\"https:\/\/www.planet-knox.com\/bg\/the-ultimate-knox-gift-guide-perfect-presents-under-150\/\">\n\t\t\t\tThe Knox Gift Guide: Perfect Presents Under \u00a3150\t\t\t<\/a>\n\t\t<\/h3>\n\t\t\n\t\t<p>With the holiday season fast approaching, we\u2019ve put together our guide to the best gifts from the Knox collection for under \u00a350. Whether you\u2019re shopping for&hellip;<\/p>\n\t<\/div>\n\n\t<footer>\n\t\t\t\t<span class=\"author\">Knox<\/span>\n\t\t<strong>&mdash;<\/strong>\n\t\t\t\t\t\t<span class=\"data\">\u0434\u0435\u043a\u0435\u043c\u0432\u0440\u0438 2, 2024<\/span>\n\t\t\t<\/footer>\n\n<\/div>\n<div class=\"clear\"><\/div><\/div><div class=\"vc_col-lg-6 vc_col-md-6 vc_col-sm-12 vc_col-xs-12 blog-post-masonry masonry-block post-offset norebro-card-wrapper grid-item\" data-lazy-item=\"\" data-lazy-scope=\"posts\"><div class=\"blog-grid grid-1 boxed\"  data-aos-once=\"&quot;true&quot;\" data-aos=\"&quot;fade-up&quot;\">\n\n\t<header>\n\t\t\t\t<a href=\"https:\/\/www.planet-knox.com\/bg\/the-ultimate-knox-gift-guide-perfect-presents-under-50\/\">\n\t\t\t<img decoding=\"async\" src=\"https:\/\/www.planet-knox.com\/wp-content\/uploads\/2024\/11\/base_layers_KNXDualMax_4.jpg\" alt=\"The Knox Gift Guide: Perfect Presents Under \u00a350\">\n\t\t<\/a>\n\t\t\n\t\t\t\t<div class=\"tags\">\n\t\t\t\t\t\t\t<a class=\"tag brand-bg-color brand-border-color\" href=\"https:\/\/www.planet-knox.com\/bg\/news\/knox\/\">\n\t\t\t\t\tKnox\t\t\t\t<\/a>\n\t\t\t\t\t<\/div>\n\t\t\t<\/header>\n\n\t<div class=\"content\">\n\t\t<h3>\n\t\t\t\t\t\t<a href=\"https:\/\/www.planet-knox.com\/bg\/the-ultimate-knox-gift-guide-perfect-presents-under-50\/\">\n\t\t\t\tThe Knox Gift Guide: Perfect Presents Under \u00a350\t\t\t<\/a>\n\t\t<\/h3>\n\t\t\n\t\t<p>With the holiday season fast approaching, we\u2019ve put together our guide to the best gifts from the Knox collection for under \u00a350. Whether you\u2019re shopping for&hellip;<\/p>\n\t<\/div>\n\n\t<footer>\n\t\t\t\t<span class=\"author\">Knox<\/span>\n\t\t<strong>&mdash;<\/strong>\n\t\t\t\t\t\t<span class=\"data\">\u043d\u043e\u0435\u043c\u0432\u0440\u0438 27, 2024<\/span>\n\t\t\t<\/footer>\n\n<\/div>\n<div class=\"clear\"><\/div><\/div><div class=\"vc_col-lg-6 vc_col-md-6 vc_col-sm-12 vc_col-xs-12 blog-post-masonry masonry-block post-offset norebro-card-wrapper grid-item\" data-lazy-item=\"\" data-lazy-scope=\"posts\"><div class=\"blog-grid grid-1 boxed\"  data-aos-once=\"&quot;true&quot;\" data-aos=\"&quot;fade-up&quot;\">\n\n\t<header>\n\t\t\t\t<a href=\"https:\/\/www.planet-knox.com\/bg\/ktm-1390-superduke-r\/\">\n\t\t\t<img decoding=\"async\" src=\"https:\/\/www.planet-knox.com\/wp-content\/uploads\/2024\/10\/DSC05841-1.jpg\" alt=\"KTM 1390 Superduke R  | The review from KNOX\">\n\t\t<\/a>\n\t\t\n\t\t\t\t<div class=\"tags\">\n\t\t\t\t\t\t\t<a class=\"tag brand-bg-color brand-border-color\" href=\"https:\/\/www.planet-knox.com\/bg\/news\/bike-reviews\/\">\n\t\t\t\t\tBike Reviews\t\t\t\t<\/a>\n\t\t\t\t\t<\/div>\n\t\t\t<\/header>\n\n\t<div class=\"content\">\n\t\t<h3>\n\t\t\t\t\t\t<a href=\"https:\/\/www.planet-knox.com\/bg\/ktm-1390-superduke-r\/\">\n\t\t\t\tKTM 1390 Superduke R  | The review from KNOX\t\t\t<\/a>\n\t\t<\/h3>\n\t\t\n\t\t<p>Expressed by the badge on the tank, it\u2019s been 30 years of duke and the 1390 is the wildest SuperDuke yet, with more power, and a better spec than ever before.<\/p>\n\t<\/div>\n\n\t<footer>\n\t\t\t\t<span class=\"author\">Knox<\/span>\n\t\t<strong>&mdash;<\/strong>\n\t\t\t\t\t\t<span class=\"data\">\u043e\u043a\u0442\u043e\u043c\u0432\u0440\u0438 7, 2024<\/span>\n\t\t\t<\/footer>\n\n<\/div>\n<div class=\"clear\"><\/div><\/div><div class=\"vc_col-lg-12 vc_col-md-12 vc_col-sm-12 vc_col-xs-12 blog-post-masonry masonry-block post-offset norebro-card-wrapper\" data-lazy-item=\"\" data-lazy-scope=\"posts\"><div class=\"blog-grid grid-1 boxed\"  data-aos-once=\"&quot;true&quot;\" data-aos=\"&quot;fade-up&quot;\">\n\n\t<header>\n\t\t\t\t<a href=\"https:\/\/www.planet-knox.com\/bg\/husqvarna-te300-pro-2024\/\">\n\t\t\t<img decoding=\"async\" src=\"https:\/\/www.planet-knox.com\/wp-content\/uploads\/2024\/03\/DSC03111.jpg\" alt=\"Husqvarna TE300 Pro 2024 | The review from KNOX\">\n\t\t<\/a>\n\t\t\n\t\t\t\t<div class=\"tags\">\n\t\t\t\t\t\t\t<a class=\"tag brand-bg-color brand-border-color\" href=\"https:\/\/www.planet-knox.com\/bg\/news\/bike-reviews\/\">\n\t\t\t\t\tBike Reviews\t\t\t\t<\/a>\n\t\t\t\t\t\t\t<a class=\"tag brand-bg-color brand-border-color\" href=\"https:\/\/www.planet-knox.com\/bg\/news\/knox\/\">\n\t\t\t\t\tKnox\t\t\t\t<\/a>\n\t\t\t\t\t<\/div>\n\t\t\t<\/header>\n\n\t<div class=\"content\">\n\t\t<h3>\n\t\t\t\t\t\t<a href=\"https:\/\/www.planet-knox.com\/bg\/husqvarna-te300-pro-2024\/\">\n\t\t\t\tHusqvarna TE300 Pro 2024 | The review from KNOX\t\t\t<\/a>\n\t\t<\/h3>\n\t\t\n\t\t<p>Ever since we got serious into Enduro, every man and his dog has been telling us, \"you need to buy a 300 2 stroke\"... so in the end, that is what we have done. This&hellip;<\/p>\n\t<\/div>\n\n\t<footer>\n\t\t\t\t<span class=\"author\">Knox<\/span>\n\t\t<strong>&mdash;<\/strong>\n\t\t\t\t\t\t<span class=\"data\">\u0444\u0435\u0432\u0440\u0443\u0430\u0440\u0438 23, 2024<\/span>\n\t\t\t<\/footer>\n\n<\/div>\n<div class=\"clear\"><\/div><\/div><div class=\"vc_col-lg-12 vc_col-md-12 vc_col-sm-12 vc_col-xs-12 blog-post-masonry masonry-block post-offset norebro-card-wrapper\" data-lazy-item=\"\" data-lazy-scope=\"posts\"><div class=\"blog-grid grid-1 boxed\"  data-aos-once=\"&quot;true&quot;\" data-aos=\"&quot;fade-up&quot;\">\n\n\t<header>\n\t\t\t\t<a href=\"https:\/\/www.planet-knox.com\/bg\/ducati-multistrada-v4-rs-multistrada-v4s-grand-tour\/\">\n\t\t\t<img decoding=\"async\" src=\"https:\/\/www.planet-knox.com\/wp-content\/uploads\/2024\/03\/100_3072.jpg\" alt=\"Ducati Multistrada V4 RS &amp; Multistrada V4S Grand Tour | First ride review\">\n\t\t<\/a>\n\t\t\n\t\t\t\t<div class=\"tags\">\n\t\t\t\t\t\t\t<a class=\"tag brand-bg-color brand-border-color\" href=\"https:\/\/www.planet-knox.com\/bg\/news\/bike-reviews\/\">\n\t\t\t\t\tBike Reviews\t\t\t\t<\/a>\n\t\t\t\t\t\t\t<a class=\"tag brand-bg-color brand-border-color\" href=\"https:\/\/www.planet-knox.com\/bg\/news\/knox\/\">\n\t\t\t\t\tKnox\t\t\t\t<\/a>\n\t\t\t\t\t<\/div>\n\t\t\t<\/header>\n\n\t<div class=\"content\">\n\t\t<h3>\n\t\t\t\t\t\t<a href=\"https:\/\/www.planet-knox.com\/bg\/ducati-multistrada-v4-rs-multistrada-v4s-grand-tour\/\">\n\t\t\t\tDucati Multistrada V4 RS &amp; Multistrada V4S Grand Tour | First ride review\t\t\t<\/a>\n\t\t<\/h3>\n\t\t\n\t\t<p>Introducing the latest top flight Ducati Multistrada's, the V4rs and the V4s Grand Tour. Adam Child \"Chad\" flew out to Italy to sample the goods.<\/p>\n\t<\/div>\n\n\t<footer>\n\t\t\t\t<span class=\"author\">Knox<\/span>\n\t\t<strong>&mdash;<\/strong>\n\t\t\t\t\t\t<span class=\"data\">\u044f\u043d\u0443\u0430\u0440\u0438 3, 2024<\/span>\n\t\t\t<\/footer>\n\n<\/div>\n<div class=\"clear\"><\/div><\/div><div class=\"vc_col-lg-12 vc_col-md-12 vc_col-sm-12 vc_col-xs-12 blog-post-masonry masonry-block post-offset norebro-card-wrapper\" data-lazy-item=\"\" data-lazy-scope=\"posts\"><div class=\"blog-grid grid-1 boxed\"  data-aos-once=\"&quot;true&quot;\" data-aos=\"&quot;fade-up&quot;\">\n\n\t<header>\n\t\t\t\t<a href=\"https:\/\/www.planet-knox.com\/bg\/royal-enfield-himalayan-450-review\/\">\n\t\t\t<img decoding=\"async\" src=\"https:\/\/www.planet-knox.com\/wp-content\/uploads\/2024\/03\/22A5415.jpg\" alt=\"Royal Enfield Himalayan 450 review from the world launch | KNOX Armour\">\n\t\t<\/a>\n\t\t\n\t\t\t\t<div class=\"tags\">\n\t\t\t\t\t\t\t<a class=\"tag brand-bg-color brand-border-color\" href=\"https:\/\/www.planet-knox.com\/bg\/news\/bike-reviews\/\">\n\t\t\t\t\tBike Reviews\t\t\t\t<\/a>\n\t\t\t\t\t\t\t<a class=\"tag brand-bg-color brand-border-color\" href=\"https:\/\/www.planet-knox.com\/bg\/news\/knox\/\">\n\t\t\t\t\tKnox\t\t\t\t<\/a>\n\t\t\t\t\t<\/div>\n\t\t\t<\/header>\n\n\t<div class=\"content\">\n\t\t<h3>\n\t\t\t\t\t\t<a href=\"https:\/\/www.planet-knox.com\/bg\/royal-enfield-himalayan-450-review\/\">\n\t\t\t\tRoyal Enfield Himalayan 450 review from the world launch | KNOX Armour\t\t\t<\/a>\n\t\t<\/h3>\n\t\t\n\t\t<p>Chad flew out to the incredible Indian Himalayas to ride... you guessed it, the new Royal Enfield Himalayan 450.<\/p>\n\t<\/div>\n\n\t<footer>\n\t\t\t\t<span class=\"author\">Knox<\/span>\n\t\t<strong>&mdash;<\/strong>\n\t\t\t\t\t\t<span class=\"data\">\u0434\u0435\u043a\u0435\u043c\u0432\u0440\u0438 14, 2023<\/span>\n\t\t\t<\/footer>\n\n<\/div>\n<div class=\"clear\"><\/div><\/div><div class=\"vc_col-lg-12 vc_col-md-12 vc_col-sm-12 vc_col-xs-12 blog-post-masonry masonry-block post-offset norebro-card-wrapper\" data-lazy-item=\"\" data-lazy-scope=\"posts\"><div class=\"blog-grid grid-1 boxed\"  data-aos-once=\"&quot;true&quot;\" data-aos=\"&quot;fade-up&quot;\">\n\n\t<header>\n\t\t\t\t<a href=\"https:\/\/www.planet-knox.com\/bg\/ktm-790-duke\/\">\n\t\t\t<img decoding=\"async\" src=\"https:\/\/www.planet-knox.com\/wp-content\/uploads\/2024\/03\/20230918_173954-scaled.jpg\" alt=\"KTM 790 Duke | The review from KNOX\">\n\t\t<\/a>\n\t\t\n\t\t\t\t<div class=\"tags\">\n\t\t\t\t\t\t\t<a class=\"tag brand-bg-color brand-border-color\" href=\"https:\/\/www.planet-knox.com\/bg\/news\/bike-reviews\/\">\n\t\t\t\t\tBike Reviews\t\t\t\t<\/a>\n\t\t\t\t\t\t\t<a class=\"tag brand-bg-color brand-border-color\" href=\"https:\/\/www.planet-knox.com\/bg\/news\/knox\/\">\n\t\t\t\t\tKnox\t\t\t\t<\/a>\n\t\t\t\t\t<\/div>\n\t\t\t<\/header>\n\n\t<div class=\"content\">\n\t\t<h3>\n\t\t\t\t\t\t<a href=\"https:\/\/www.planet-knox.com\/bg\/ktm-790-duke\/\">\n\t\t\t\tKTM 790 Duke | The review from KNOX\t\t\t<\/a>\n\t\t<\/h3>\n\t\t\n\t\t<p>A few months ago, we visited KTM UK for a 2 day press event dedicating to sampling their 790 platform motorcycles, The KTM 790 Duke and the KTM 790 Adventure.<\/p>\n\t<\/div>\n\n\t<footer>\n\t\t\t\t<span class=\"author\">Knox<\/span>\n\t\t<strong>&mdash;<\/strong>\n\t\t\t\t\t\t<span class=\"data\">\u0434\u0435\u043a\u0435\u043c\u0432\u0440\u0438 7, 2023<\/span>\n\t\t\t<\/footer>\n\n<\/div>\n<div class=\"clear\"><\/div><\/div><\/div><nav class=\"pagination text-left\"><ul><li><a href=\"https:\/\/www.planet-knox.com\/bg\/wp-json\/wp\/v2\/pages\/703\/\" class=\"hover-underline page-numbers active\">1<\/a><\/li><li><a href=\"https:\/\/www.planet-knox.com\/bg\/wp-json\/wp\/v2\/pages\/703\/page\/2\/\" class=\"hover-underline page-numbers\">2<\/a><\/li><li><a href=\"https:\/\/www.planet-knox.com\/bg\/wp-json\/wp\/v2\/pages\/703\/page\/3\/\" class=\"hover-underline page-numbers\">3<\/a><\/li><li><span class=\"page-numbers\">...<\/span><\/li><li><a href=\"https:\/\/www.planet-knox.com\/bg\/wp-json\/wp\/v2\/pages\/703\/page\/8\/\" class=\"hover-underline page-numbers\">8<\/a><\/li><li><a href=\"https:\/\/www.planet-knox.com\/bg\/wp-json\/wp\/v2\/pages\/703\/page\/2\/\" class=\"next hover-underline page-numbers\">Next <span class=\"icon-right ion-android-arrow-forward\"><\/span><\/a><\/li><\/ul><\/nav>\t\n<\/div><\/div><\/div><\/div><\/div>\n<\/div>","protected":false},"excerpt":{"rendered":"KTM 790 Duke | The review Knox Review PUBLISHED: December 7th, 2024 A few months ago, we visited KTM UK for a 2 day press event dedicating to sampling their 790 platform motorcycles, The KTM 790 Duke and the KTM 790 Adventure. Check out our...","protected":false},"author":1,"featured_media":229929,"parent":0,"menu_order":0,"comment_status":"open","ping_status":"closed","template":"","meta":{"_acf_changed":false,"inline_featured_image":false,"footnotes":""},"class_list":["post-703","page","type-page","status-publish","has-post-thumbnail","hentry"],"acf":[],"aioseo_notices":[],"_links":{"self":[{"href":"https:\/\/www.planet-knox.com\/bg\/wp-json\/wp\/v2\/pages\/703","targetHints":{"allow":["GET"]}}],"collection":[{"href":"https:\/\/www.planet-knox.com\/bg\/wp-json\/wp\/v2\/pages"}],"about":[{"href":"https:\/\/www.planet-knox.com\/bg\/wp-json\/wp\/v2\/types\/page"}],"author":[{"embeddable":true,"href":"https:\/\/www.planet-knox.com\/bg\/wp-json\/wp\/v2\/users\/1"}],"replies":[{"embeddable":true,"href":"https:\/\/www.planet-knox.com\/bg\/wp-json\/wp\/v2\/comments?post=703"}],"version-history":[{"count":0,"href":"https:\/\/www.planet-knox.com\/bg\/wp-json\/wp\/v2\/pages\/703\/revisions"}],"wp:featuredmedia":[{"embeddable":true,"href":"https:\/\/www.planet-knox.com\/bg\/wp-json\/wp\/v2\/media\/229929"}],"wp:attachment":[{"href":"https:\/\/www.planet-knox.com\/bg\/wp-json\/wp\/v2\/media?parent=703"}],"curies":[{"name":"wp","href":"https:\/\/api.w.org\/{rel}","templated":true}]}}